{"id":64,"date":"2023-04-16T20:05:24","date_gmt":"2023-04-16T20:05:24","guid":{"rendered":"http:\/\/onmagad-melyen.eu\/?page_id=64"},"modified":"2024-06-01T04:54:19","modified_gmt":"2024-06-01T04:54:19","slug":"elerhetosegek","status":"publish","type":"page","link":"https:\/\/onmagad-melyen.eu\/de\/elerhetosegek\/","title":{"rendered":"Kontakte"},"content":{"rendered":"\n<p class=\"has-text-align-center\"><em>Akik seg\u00edtenek Neked:<\/em><\/p>\n\n\n\n<figure class=\"wp-block-gallery has-nested-images columns-default is-cropped wp-block-gallery-1 is-layout-flex wp-block-gallery-is-layout-flex\">\n<figure class=\"wp-block-image size-large\"><img loading=\"lazy\" decoding=\"async\" width=\"600\" height=\"597\" data-id=\"130\" src=\"http:\/\/onmagad-melyen.eu\/wp-content\/uploads\/2023\/04\/miki.jpg\" alt=\"\" class=\"wp-image-130\" srcset=\"https:\/\/onmagad-melyen.eu\/wp-content\/uploads\/2023\/04\/miki.jpg 600w, https:\/\/onmagad-melyen.eu\/wp-content\/uploads\/2023\/04\/miki-300x300.jpg 300w, https:\/\/onmagad-melyen.eu\/wp-content\/uploads\/2023\/04\/miki-150x150.jpg 150w, https:\/\/onmagad-melyen.eu\/wp-content\/uploads\/2023\/04\/miki-12x12.jpg 12w, https:\/\/onmagad-melyen.eu\/wp-content\/uploads\/2023\/04\/miki-75x75.jpg 75w\" sizes=\"auto, (max-width: 600px) 100vw, 600px\" \/><\/figure>\n\n\n\n<figure class=\"wp-block-image size-large\"><img loading=\"lazy\" decoding=\"async\" width=\"600\" height=\"600\" data-id=\"131\" src=\"http:\/\/onmagad-melyen.eu\/wp-content\/uploads\/2023\/04\/kriszti.jpg\" alt=\"\" class=\"wp-image-131\" srcset=\"https:\/\/onmagad-melyen.eu\/wp-content\/uploads\/2023\/04\/kriszti.jpg 600w, https:\/\/onmagad-melyen.eu\/wp-content\/uploads\/2023\/04\/kriszti-300x300.jpg 300w, https:\/\/onmagad-melyen.eu\/wp-content\/uploads\/2023\/04\/kriszti-150x150.jpg 150w, https:\/\/onmagad-melyen.eu\/wp-content\/uploads\/2023\/04\/kriszti-12x12.jpg 12w, https:\/\/onmagad-melyen.eu\/wp-content\/uploads\/2023\/04\/kriszti-75x75.jpg 75w\" sizes=\"auto, (max-width: 600px) 100vw, 600px\" \/><\/figure>\n<\/figure>\n\n\n\n<p class=\"has-text-align-center\"><em>Email: <a rel=\"noreferrer noopener\" href=\"mailto:onmagunk.melyen@gmail.com\" target=\"_blank\">onmagunk.melyen@gmail.com<\/a><\/em><br><a href=\"https:\/\/www.youtube.com\/channel\/UC34bvHwPDOMMgVM8R3VuyeA\">Youtube<\/a> &#8211; <a href=\"https:\/\/www.facebook.com\/profile.php?id=100075969904587\" target=\"_blank\" rel=\"noreferrer noopener\">Facebook<\/a><\/p>\n\n\n<script>(function() {\n\twindow.mc4wp = window.mc4wp || {\n\t\tlisteners: [],\n\t\tforms: {\n\t\t\ton: function(evt, cb) {\n\t\t\t\twindow.mc4wp.listeners.push(\n\t\t\t\t\t{\n\t\t\t\t\t\tevent   : evt,\n\t\t\t\t\t\tcallback: cb\n\t\t\t\t\t}\n\t\t\t\t);\n\t\t\t}\n\t\t}\n\t}\n})();\n<\/script><!-- Mailchimp for WordPress v4.12.3 - https:\/\/wordpress.org\/plugins\/mailchimp-for-wp\/ --><form id=\"mc4wp-form-1\" class=\"mc4wp-form mc4wp-form-484\" method=\"post\" data-id=\"484\" data-name=\"\" ><div class=\"mc4wp-form-fields\"><p>\r\n    <label>N\u00e9v<\/label>\r\n    <input type=\"text\" name=\"FNAME\">\r\n<\/p>\r\n<p>\r\n\t<label>E-mail c\u00edm: \r\n\t\t<input type=\"email\" name=\"EMAIL\" placeholder=\"Az \u00d6n e-mail c\u00edme\" required \/>\r\n<p>\r\n  <\/label>\r\n\r\n\t<input type=\"submit\" value=\"Feliratkoz\u00e1s h\u00edrlev\u00e9lre\"\r\n\r\n\" \/>\r\n<\/div><label style=\"display: none !important;\">Leave this field empty if you're human: <input type=\"text\" name=\"_mc4wp_honeypot\" value=\"\" tabindex=\"-1\" autocomplete=\"off\" \/><\/label><input type=\"hidden\" name=\"_mc4wp_timestamp\" value=\"1778163247\" \/><input type=\"hidden\" name=\"_mc4wp_form_id\" value=\"484\" \/><input type=\"hidden\" name=\"_mc4wp_form_element_id\" value=\"mc4wp-form-1\" \/><div class=\"mc4wp-response\"><\/div><\/form><!-- \/ Mailchimp for WordPress Plugin -->\n\n\n\n<hr class=\"wp-block-separator aligncenter has-text-color has-cyan-bluish-gray-color has-alpha-channel-opacity has-cyan-bluish-gray-background-color has-background\"\/>\n\n\n\n<p><strong><em>Akiket sz\u00edvb\u0151l aj\u00e1nlunk<\/em><\/strong>&#8230;:<\/p>\n\n\n\n<div class=\"wp-block-columns is-layout-flex wp-container-core-columns-is-layout-9d6595d7 wp-block-columns-is-layout-flex\">\n<div class=\"wp-block-column is-layout-flow wp-block-column-is-layout-flow\" style=\"flex-basis:50%\"><div class=\"wp-block-image\">\n<figure class=\"aligncenter\"><a href=\"https:\/\/www.evezzunkegyhajoban.hu\/\"><img decoding=\"async\" src=\"http:\/\/onmagad-melyen.eu\/marti_logo.svg\" alt=\"\"\/><\/a><\/figure>\n<\/div>\n\n<div class=\"wp-block-image\">\n<figure class=\"alignright size-full is-resized\"><a href=\"https:\/\/novagyokmagazin.hu\/\" target=\"_blank\" rel=\"noreferrer noopener\"><img loading=\"lazy\" decoding=\"async\" width=\"200\" height=\"100\" src=\"http:\/\/onmagad-melyen.eu\/wp-content\/uploads\/2023\/04\/novagyok.jpg\" alt=\"\" class=\"wp-image-159\" style=\"width:150px;height:75px\" srcset=\"https:\/\/onmagad-melyen.eu\/wp-content\/uploads\/2023\/04\/novagyok.jpg 200w, https:\/\/onmagad-melyen.eu\/wp-content\/uploads\/2023\/04\/novagyok-18x9.jpg 18w\" sizes=\"auto, (max-width: 200px) 100vw, 200px\" \/><\/a><\/figure>\n<\/div>\n\n\n<figure class=\"wp-block-image size-full is-resized\"><a href=\"https:\/\/evezzunkegyhajoban.hu\" target=\"_blank\" rel=\"noreferrer noopener\"><img loading=\"lazy\" decoding=\"async\" width=\"300\" height=\"147\" src=\"http:\/\/onmagad-melyen.eu\/wp-content\/uploads\/2023\/04\/image.png\" alt=\"\" class=\"wp-image-168\" style=\"width:200px\" srcset=\"https:\/\/onmagad-melyen.eu\/wp-content\/uploads\/2023\/04\/image.png 300w, https:\/\/onmagad-melyen.eu\/wp-content\/uploads\/2023\/04\/image-18x9.png 18w\" sizes=\"auto, (max-width: 300px) 100vw, 300px\" \/><\/a><\/figure>\n<\/div>\n<\/div>\n\n\n\n<figure class=\"wp-block-gallery has-nested-images columns-4 is-cropped has-white-background-color has-background wp-block-gallery-2 is-layout-flex wp-block-gallery-is-layout-flex\">\n<figure class=\"wp-block-image size-medium\"><a href=\"https:\/\/www.facebook.com\/szabinaeszter.jenei\" target=\"_blank\" rel=\"noreferrer noopener\"><img loading=\"lazy\" decoding=\"async\" width=\"298\" height=\"300\" data-id=\"158\" src=\"http:\/\/onmagad-melyen.eu\/wp-content\/uploads\/2023\/04\/eszti-1-298x300.jpg\" alt=\"\" class=\"wp-image-158\" srcset=\"https:\/\/onmagad-melyen.eu\/wp-content\/uploads\/2023\/04\/eszti-1-298x300.jpg 298w, https:\/\/onmagad-melyen.eu\/wp-content\/uploads\/2023\/04\/eszti-1-1017x1024.jpg 1017w, https:\/\/onmagad-melyen.eu\/wp-content\/uploads\/2023\/04\/eszti-1-150x150.jpg 150w, https:\/\/onmagad-melyen.eu\/wp-content\/uploads\/2023\/04\/eszti-1-768x773.jpg 768w, https:\/\/onmagad-melyen.eu\/wp-content\/uploads\/2023\/04\/eszti-1-1525x1536.jpg 1525w, https:\/\/onmagad-melyen.eu\/wp-content\/uploads\/2023\/04\/eszti-1-12x12.jpg 12w, https:\/\/onmagad-melyen.eu\/wp-content\/uploads\/2023\/04\/eszti-1-1140x1148.jpg 1140w, https:\/\/onmagad-melyen.eu\/wp-content\/uploads\/2023\/04\/eszti-1-75x75.jpg 75w, https:\/\/onmagad-melyen.eu\/wp-content\/uploads\/2023\/04\/eszti-1.jpg 2001w\" sizes=\"auto, (max-width: 298px) 100vw, 298px\" \/><\/a><\/figure>\n\n\n\n<figure class=\"wp-block-image size-medium\"><a href=\"https:\/\/www.facebook.com\/belsoutazas.szandra\" target=\"_blank\" rel=\"noreferrer noopener\"><img loading=\"lazy\" decoding=\"async\" width=\"300\" height=\"300\" data-id=\"156\" src=\"http:\/\/onmagad-melyen.eu\/wp-content\/uploads\/2023\/04\/alex-1-300x300.png\" alt=\"\" class=\"wp-image-156\" srcset=\"https:\/\/onmagad-melyen.eu\/wp-content\/uploads\/2023\/04\/alex-1-300x300.png 300w, https:\/\/onmagad-melyen.eu\/wp-content\/uploads\/2023\/04\/alex-1-1024x1024.png 1024w, https:\/\/onmagad-melyen.eu\/wp-content\/uploads\/2023\/04\/alex-1-150x150.png 150w, https:\/\/onmagad-melyen.eu\/wp-content\/uploads\/2023\/04\/alex-1-768x768.png 768w, https:\/\/onmagad-melyen.eu\/wp-content\/uploads\/2023\/04\/alex-1-12x12.png 12w, https:\/\/onmagad-melyen.eu\/wp-content\/uploads\/2023\/04\/alex-1-1140x1140.png 1140w, https:\/\/onmagad-melyen.eu\/wp-content\/uploads\/2023\/04\/alex-1-75x75.png 75w, https:\/\/onmagad-melyen.eu\/wp-content\/uploads\/2023\/04\/alex-1.png 1500w\" sizes=\"auto, (max-width: 300px) 100vw, 300px\" \/><\/a><\/figure>\n\n\n\n<figure class=\"wp-block-image size-medium\"><a href=\"https:\/\/www.hajduildiko.hu\/\" target=\"_blank\" rel=\"noreferrer noopener\"><img loading=\"lazy\" decoding=\"async\" width=\"300\" height=\"261\" data-id=\"160\" src=\"http:\/\/onmagad-melyen.eu\/wp-content\/uploads\/2023\/04\/ildi2-300x261.jpg\" alt=\"\" class=\"wp-image-160\" srcset=\"https:\/\/onmagad-melyen.eu\/wp-content\/uploads\/2023\/04\/ildi2-300x261.jpg 300w, https:\/\/onmagad-melyen.eu\/wp-content\/uploads\/2023\/04\/ildi2-768x668.jpg 768w, https:\/\/onmagad-melyen.eu\/wp-content\/uploads\/2023\/04\/ildi2-14x12.jpg 14w, https:\/\/onmagad-melyen.eu\/wp-content\/uploads\/2023\/04\/ildi2.jpg 785w\" sizes=\"auto, (max-width: 300px) 100vw, 300px\" \/><\/a><\/figure>\n\n\n\n<figure class=\"wp-block-image size-medium\"><a href=\"https:\/\/www.facebook.com\/profile.php?id=100075879168126\" target=\"_blank\" rel=\"noreferrer noopener\"><img loading=\"lazy\" decoding=\"async\" width=\"300\" height=\"300\" data-id=\"157\" src=\"http:\/\/onmagad-melyen.eu\/wp-content\/uploads\/2023\/04\/eszter-1-300x300.jpg\" alt=\"\" class=\"wp-image-157\" srcset=\"https:\/\/onmagad-melyen.eu\/wp-content\/uploads\/2023\/04\/eszter-1-300x300.jpg 300w, https:\/\/onmagad-melyen.eu\/wp-content\/uploads\/2023\/04\/eszter-1-1024x1024.jpg 1024w, https:\/\/onmagad-melyen.eu\/wp-content\/uploads\/2023\/04\/eszter-1-150x150.jpg 150w, https:\/\/onmagad-melyen.eu\/wp-content\/uploads\/2023\/04\/eszter-1-768x768.jpg 768w, https:\/\/onmagad-melyen.eu\/wp-content\/uploads\/2023\/04\/eszter-1-12x12.jpg 12w, https:\/\/onmagad-melyen.eu\/wp-content\/uploads\/2023\/04\/eszter-1-75x75.jpg 75w, https:\/\/onmagad-melyen.eu\/wp-content\/uploads\/2023\/04\/eszter-1.jpg 1113w\" sizes=\"auto, (max-width: 300px) 100vw, 300px\" \/><\/a><\/figure>\n<\/figure>\n\n\n\n<hr class=\"wp-block-separator has-text-color has-cyan-bluish-gray-color has-alpha-channel-opacity has-cyan-bluish-gray-background-color has-background\"\/>\n\n\n\n<div class=\"wp-block-columns is-layout-flex wp-container-core-columns-is-layout-9d6595d7 wp-block-columns-is-layout-flex\">\n<div class=\"wp-block-column is-layout-flow wp-block-column-is-layout-flow\">\n<p class=\"has-text-align-center\"><strong>\u00cdrj nek\u00fcnk levelet!<\/strong><\/p>\n\n\n<div class='fluentform ff-default fluentform_wrapper_3 ffs_default_wrap'><form data-form_id=\"3\" id=\"fluentform_3\" class=\"frm-fluent-form fluent_form_3 ff-el-form-top ff_form_instance_3_1 ff-form-loading ffs_default\" data-form_instance=\"ff_form_instance_3_1\" method=\"POST\" ><fieldset  style=\"border: none!important;margin: 0!important;padding: 0!important;background-color: transparent!important;box-shadow: none!important;outline: none!important; min-inline-size: 100%;\">\n                    <legend class=\"ff_screen_reader_title\" style=\"display: block; margin: 0!important;padding: 0!important;height: 0!important;text-indent: -999999px;width: 0!important;overflow:hidden;\">Kapcsolat<\/legend><input type='hidden' name='__fluent_form_embded_post_id' value='64' \/><input type=\"hidden\" id=\"_fluentform_3_fluentformnonce\" name=\"_fluentform_3_fluentformnonce\" value=\"6662405fd6\" \/><input type=\"hidden\" name=\"_wp_http_referer\" value=\"\/de\/wp-json\/wp\/v2\/pages\/64\" \/><div data-name=\"ff_cn_id_1\"  class='ff-t-container ff-column-container ff_columns_total_2 '><div class='ff-t-cell ff-t-column-1' style='flex-basis: 50%;'><div class='ff-el-group'><div class=\"ff-el-input--label asterisk-right\"><label for='ff_3_dropdown' id='label_ff_3_dropdown' aria-label=\"T\u00e9mak\u00f6r\">T\u00e9mak\u00f6r<\/label><\/div><div class='ff-el-input--content'><select name=\"dropdown\" id=\"ff_3_dropdown\" class=\"ff-el-form-control\" data-name=\"dropdown\" data-calc_value=\"0\"  aria-invalid=\"false\" aria-required=\"false\" aria-labelledby=\"label_ff_3_dropdown\"><option value=\"\">- K\u00e9rlek v\u00e1lassz! -<\/option><option value=\"Ing\u00e1s tiszt\u00edt\u00e1s\"  >Ing\u00e1s tiszt\u00edt\u00e1s<\/option><option value=\"Kronobiol\u00f3gia\"  >Kronobiol\u00f3gia<\/option><option value=\"Sorselemz\u00e9s\"  >Sorselemz\u00e9s<\/option><option value=\"Csal\u00e1d\u00e1ll\u00edt\u00e1s\"  >Csal\u00e1d\u00e1ll\u00edt\u00e1s<\/option><option value=\"Tar\u00f3 k\u00e1rtya\"  >Tar\u00f3 k\u00e1rtya<\/option><option value=\"Egy\u00e9b\"  >Egy\u00e9b<\/option><\/select><\/div><\/div><\/div><div class='ff-t-cell ff-t-column-2' style='flex-basis: 50%;'><\/div><\/div><div data-type=\"name-element\" data-name=\"names\" class=\" ff-field_container ff-name-field-wrapper\" ><div class='ff-t-container'><div class='ff-t-cell '><div class='ff-el-group'><div class=\"ff-el-input--label asterisk-right\"><label for='ff_3_names_first_name_' id='label_ff_3_names_first_name_' >Keresztn\u00e9v<\/label><\/div><div class='ff-el-input--content'><input type=\"text\" name=\"names[first_name]\" id=\"ff_3_names_first_name_\" class=\"ff-el-form-control\" aria-invalid=\"false\" aria-required=false><\/div><\/div><\/div><div class='ff-t-cell '><div class='ff-el-group'><div class=\"ff-el-input--label asterisk-right\"><label for='ff_3_names_last_name_' id='label_ff_3_names_last_name_' >Vezet\u00e9kn\u00e9v<\/label><\/div><div class='ff-el-input--content'><input type=\"text\" name=\"names[last_name]\" id=\"ff_3_names_last_name_\" class=\"ff-el-form-control\" aria-invalid=\"false\" aria-required=false><\/div><\/div><\/div><\/div><\/div><div class='ff-el-group'><div class=\"ff-el-input--label ff-el-is-required asterisk-right\"><label for='ff_3_email' id='label_ff_3_email' aria-label=\"Email c\u00edm\">Email c\u00edm<\/label><\/div><div class='ff-el-input--content'><input type=\"email\" name=\"email\" id=\"ff_3_email\" class=\"ff-el-form-control\" data-name=\"email\"  aria-invalid=\"false\" aria-required=true><\/div><\/div><div class='ff-el-group'><div class=\"ff-el-input--label ff-el-is-required asterisk-right\"><label for='ff_3_message' id='label_ff_3_message' aria-label=\"\u00dczenet\">\u00dczenet<\/label><\/div><div class='ff-el-input--content'><textarea aria-required=\"true\" aria-labelledby=\"label_ff_3_message\" name=\"message\" id=\"ff_3_message\" class=\"ff-el-form-control\" rows=\"4\" cols=\"2\" data-name=\"message\" ><\/textarea><\/div><\/div><div class='ff-el-group ff-text-center ff_submit_btn_wrapper'><button type=\"submit\" class=\"ff-btn ff-btn-submit ff-btn-md ff_btn_style\"  aria-label=\"K\u00fcld\u00e9s\">K\u00fcld\u00e9s<\/button><\/div><\/fieldset><\/form><div id='fluentform_3_errors' class='ff-errors-in-stack ff_form_instance_3_1 ff-form-loading_errors ff_form_instance_3_1_errors'><\/div><\/div>            <script type=\"text\/javascript\">\n                window.fluent_form_ff_form_instance_3_1 = {\"id\":\"3\",\"ajaxUrl\":\"https:\\\/\\\/onmagad-melyen.eu\\\/wp-admin\\\/admin-ajax.php\",\"settings\":{\"layout\":{\"labelPlacement\":\"top\",\"helpMessagePlacement\":\"with_label\",\"errorMessagePlacement\":\"inline\",\"cssClassName\":\"\",\"asteriskPlacement\":\"asterisk-right\"},\"restrictions\":{\"denyEmptySubmission\":{\"enabled\":false}}},\"form_instance\":\"ff_form_instance_3_1\",\"form_id_selector\":\"fluentform_3\",\"rules\":{\"dropdown\":{\"required\":{\"value\":false,\"message\":\"This field is required\"}},\"names[first_name]\":{\"required\":{\"value\":false,\"message\":\"This field is required\"}},\"names[middle_name]\":{\"required\":{\"value\":false,\"message\":\"This field is required\"}},\"names[last_name]\":{\"required\":{\"value\":false,\"message\":\"This field is required\"}},\"email\":{\"required\":{\"value\":true,\"message\":\"This field is required\"},\"email\":{\"value\":true,\"message\":\"This field must contain a valid email\"}},\"message\":{\"required\":{\"value\":true,\"message\":\"This field is required\"}}},\"debounce_time\":300};\n                            <\/script>\n            \n<\/div>\n<\/div>\n\n\n\n<p><a href=\"https:\/\/novagyokmagazin.hu\/\"><\/a><\/p>\n","protected":false},"excerpt":{"rendered":"<p>Akik seg\u00edtenek Neked: Email: onmagunk.melyen@gmail.comYoutube &#8211; Facebook Akiket sz\u00edvb\u0151l aj\u00e1nlunk&#8230;: \u00cdrj nek\u00fcnk levelet!<\/p>","protected":false},"author":1,"featured_media":0,"parent":0,"menu_order":0,"comment_status":"closed","ping_status":"closed","template":"","meta":{"footnotes":""},"class_list":["post-64","page","type-page","status-publish","hentry"],"yoast_head":"<!-- This site is optimized with the Yoast SEO plugin v26.7 - https:\/\/yoast.com\/wordpress\/plugins\/seo\/ -->\n<title>El\u00e9rhet\u0151s\u00e9gek - \u00d6nmagunk m\u00e9ly\u00e9n<\/title>\n<meta name=\"robots\" content=\"index, follow, max-snippet:-1, max-image-preview:large, max-video-preview:-1\" \/>\n<link rel=\"canonical\" href=\"https:\/\/onmagad-melyen.eu\/de\/elerhetosegek\/\" \/>\n<meta property=\"og:locale\" content=\"de_DE\" \/>\n<meta property=\"og:type\" content=\"article\" \/>\n<meta property=\"og:title\" content=\"El\u00e9rhet\u0151s\u00e9gek - \u00d6nmagunk m\u00e9ly\u00e9n\" \/>\n<meta property=\"og:description\" content=\"Akik seg\u00edtenek Neked: Email: onmagunk.melyen@gmail.comYoutube &#8211; Facebook Akiket sz\u00edvb\u0151l aj\u00e1nlunk&#8230;: \u00cdrj nek\u00fcnk levelet!\" \/>\n<meta property=\"og:url\" content=\"https:\/\/onmagad-melyen.eu\/de\/elerhetosegek\/\" \/>\n<meta property=\"og:site_name\" content=\"\u00d6nmagunk m\u00e9ly\u00e9n\" \/>\n<meta property=\"article:publisher\" content=\"https:\/\/www.facebook.com\/profile.php?id=100075969904587\" \/>\n<meta property=\"article:modified_time\" content=\"2024-06-01T04:54:19+00:00\" \/>\n<meta property=\"og:image\" content=\"http:\/\/onmagad-melyen.eu\/wp-content\/uploads\/2023\/04\/miki.jpg\" \/>\n<meta name=\"twitter:card\" content=\"summary_large_image\" \/>\n<script type=\"application\/ld+json\" class=\"yoast-schema-graph\">{\"@context\":\"https:\/\/schema.org\",\"@graph\":[{\"@type\":\"WebPage\",\"@id\":\"https:\/\/onmagad-melyen.eu\/elerhetosegek\/\",\"url\":\"https:\/\/onmagad-melyen.eu\/elerhetosegek\/\",\"name\":\"El\u00e9rhet\u0151s\u00e9gek - \u00d6nmagunk m\u00e9ly\u00e9n\",\"isPartOf\":{\"@id\":\"https:\/\/onmagad-melyen.eu\/#website\"},\"primaryImageOfPage\":{\"@id\":\"https:\/\/onmagad-melyen.eu\/elerhetosegek\/#primaryimage\"},\"image\":{\"@id\":\"https:\/\/onmagad-melyen.eu\/elerhetosegek\/#primaryimage\"},\"thumbnailUrl\":\"http:\/\/onmagad-melyen.eu\/wp-content\/uploads\/2023\/04\/miki.jpg\",\"datePublished\":\"2023-04-16T20:05:24+00:00\",\"dateModified\":\"2024-06-01T04:54:19+00:00\",\"breadcrumb\":{\"@id\":\"https:\/\/onmagad-melyen.eu\/elerhetosegek\/#breadcrumb\"},\"inLanguage\":\"de-AT\",\"potentialAction\":[{\"@type\":\"ReadAction\",\"target\":[\"https:\/\/onmagad-melyen.eu\/elerhetosegek\/\"]}]},{\"@type\":\"ImageObject\",\"inLanguage\":\"de-AT\",\"@id\":\"https:\/\/onmagad-melyen.eu\/elerhetosegek\/#primaryimage\",\"url\":\"http:\/\/onmagad-melyen.eu\/wp-content\/uploads\/2023\/04\/miki.jpg\",\"contentUrl\":\"http:\/\/onmagad-melyen.eu\/wp-content\/uploads\/2023\/04\/miki.jpg\"},{\"@type\":\"BreadcrumbList\",\"@id\":\"https:\/\/onmagad-melyen.eu\/elerhetosegek\/#breadcrumb\",\"itemListElement\":[{\"@type\":\"ListItem\",\"position\":1,\"name\":\"Kezd\u0151lap\",\"item\":\"https:\/\/onmagad-melyen.eu\/\"},{\"@type\":\"ListItem\",\"position\":2,\"name\":\"El\u00e9rhet\u0151s\u00e9gek\"}]},{\"@type\":\"WebSite\",\"@id\":\"https:\/\/onmagad-melyen.eu\/#website\",\"url\":\"https:\/\/onmagad-melyen.eu\/\",\"name\":\"\u00d6nmagunk m\u00e9ly\u00e9n\",\"description\":\"V\u00e1ltozzunk \u00e9s v\u00e1ltoztassunk egy\u00fctt...\",\"publisher\":{\"@id\":\"https:\/\/onmagad-melyen.eu\/#organization\"},\"potentialAction\":[{\"@type\":\"SearchAction\",\"target\":{\"@type\":\"EntryPoint\",\"urlTemplate\":\"https:\/\/onmagad-melyen.eu\/?s={search_term_string}\"},\"query-input\":{\"@type\":\"PropertyValueSpecification\",\"valueRequired\":true,\"valueName\":\"search_term_string\"}}],\"inLanguage\":\"de-AT\"},{\"@type\":\"Organization\",\"@id\":\"https:\/\/onmagad-melyen.eu\/#organization\",\"name\":\"\u00d6nmagunk m\u00e9ly\u00e9n\",\"url\":\"https:\/\/onmagad-melyen.eu\/\",\"logo\":{\"@type\":\"ImageObject\",\"inLanguage\":\"de-AT\",\"@id\":\"https:\/\/onmagad-melyen.eu\/#\/schema\/logo\/image\/\",\"url\":\"https:\/\/onmagad-melyen.eu\/wp-content\/uploads\/2026\/01\/logo.jpg\",\"contentUrl\":\"https:\/\/onmagad-melyen.eu\/wp-content\/uploads\/2026\/01\/logo.jpg\",\"width\":200,\"height\":200,\"caption\":\"\u00d6nmagunk m\u00e9ly\u00e9n\"},\"image\":{\"@id\":\"https:\/\/onmagad-melyen.eu\/#\/schema\/logo\/image\/\"},\"sameAs\":[\"https:\/\/www.facebook.com\/profile.php?id=100075969904587\",\"https:\/\/www.instagram.com\/onmagad_melyen\/\",\"https:\/\/www.youtube.com\/channel\/UC34bvHwPDOMMgVM8R3VuyeA\"]}]}<\/script>\n<!-- \/ Yoast SEO plugin. -->","yoast_head_json":{"title":"El\u00e9rhet\u0151s\u00e9gek - \u00d6nmagunk m\u00e9ly\u00e9n","robots":{"index":"index","follow":"follow","max-snippet":"max-snippet:-1","max-image-preview":"max-image-preview:large","max-video-preview":"max-video-preview:-1"},"canonical":"https:\/\/onmagad-melyen.eu\/de\/elerhetosegek\/","og_locale":"de_DE","og_type":"article","og_title":"El\u00e9rhet\u0151s\u00e9gek - \u00d6nmagunk m\u00e9ly\u00e9n","og_description":"Akik seg\u00edtenek Neked: Email: onmagunk.melyen@gmail.comYoutube &#8211; Facebook Akiket sz\u00edvb\u0151l aj\u00e1nlunk&#8230;: \u00cdrj nek\u00fcnk levelet!","og_url":"https:\/\/onmagad-melyen.eu\/de\/elerhetosegek\/","og_site_name":"\u00d6nmagunk m\u00e9ly\u00e9n","article_publisher":"https:\/\/www.facebook.com\/profile.php?id=100075969904587","article_modified_time":"2024-06-01T04:54:19+00:00","og_image":[{"url":"http:\/\/onmagad-melyen.eu\/wp-content\/uploads\/2023\/04\/miki.jpg","type":"","width":"","height":""}],"twitter_card":"summary_large_image","schema":{"@context":"https:\/\/schema.org","@graph":[{"@type":"WebPage","@id":"https:\/\/onmagad-melyen.eu\/elerhetosegek\/","url":"https:\/\/onmagad-melyen.eu\/elerhetosegek\/","name":"El\u00e9rhet\u0151s\u00e9gek - \u00d6nmagunk m\u00e9ly\u00e9n","isPartOf":{"@id":"https:\/\/onmagad-melyen.eu\/#website"},"primaryImageOfPage":{"@id":"https:\/\/onmagad-melyen.eu\/elerhetosegek\/#primaryimage"},"image":{"@id":"https:\/\/onmagad-melyen.eu\/elerhetosegek\/#primaryimage"},"thumbnailUrl":"http:\/\/onmagad-melyen.eu\/wp-content\/uploads\/2023\/04\/miki.jpg","datePublished":"2023-04-16T20:05:24+00:00","dateModified":"2024-06-01T04:54:19+00:00","breadcrumb":{"@id":"https:\/\/onmagad-melyen.eu\/elerhetosegek\/#breadcrumb"},"inLanguage":"de-AT","potentialAction":[{"@type":"ReadAction","target":["https:\/\/onmagad-melyen.eu\/elerhetosegek\/"]}]},{"@type":"ImageObject","inLanguage":"de-AT","@id":"https:\/\/onmagad-melyen.eu\/elerhetosegek\/#primaryimage","url":"http:\/\/onmagad-melyen.eu\/wp-content\/uploads\/2023\/04\/miki.jpg","contentUrl":"http:\/\/onmagad-melyen.eu\/wp-content\/uploads\/2023\/04\/miki.jpg"},{"@type":"BreadcrumbList","@id":"https:\/\/onmagad-melyen.eu\/elerhetosegek\/#breadcrumb","itemListElement":[{"@type":"ListItem","position":1,"name":"Kezd\u0151lap","item":"https:\/\/onmagad-melyen.eu\/"},{"@type":"ListItem","position":2,"name":"El\u00e9rhet\u0151s\u00e9gek"}]},{"@type":"WebSite","@id":"https:\/\/onmagad-melyen.eu\/#website","url":"https:\/\/onmagad-melyen.eu\/","name":"Deep in my mind","description":"V\u00e1ltozzunk \u00e9s v\u00e1ltoztassunk egy\u00fctt...","publisher":{"@id":"https:\/\/onmagad-melyen.eu\/#organization"},"potentialAction":[{"@type":"SearchAction","target":{"@type":"EntryPoint","urlTemplate":"https:\/\/onmagad-melyen.eu\/?s={search_term_string}"},"query-input":{"@type":"PropertyValueSpecification","valueRequired":true,"valueName":"search_term_string"}}],"inLanguage":"de-AT"},{"@type":"Organization","@id":"https:\/\/onmagad-melyen.eu\/#organization","name":"Deep in my mind","url":"https:\/\/onmagad-melyen.eu\/","logo":{"@type":"ImageObject","inLanguage":"de-AT","@id":"https:\/\/onmagad-melyen.eu\/#\/schema\/logo\/image\/","url":"https:\/\/onmagad-melyen.eu\/wp-content\/uploads\/2026\/01\/logo.jpg","contentUrl":"https:\/\/onmagad-melyen.eu\/wp-content\/uploads\/2026\/01\/logo.jpg","width":200,"height":200,"caption":"\u00d6nmagunk m\u00e9ly\u00e9n"},"image":{"@id":"https:\/\/onmagad-melyen.eu\/#\/schema\/logo\/image\/"},"sameAs":["https:\/\/www.facebook.com\/profile.php?id=100075969904587","https:\/\/www.instagram.com\/onmagad_melyen\/","https:\/\/www.youtube.com\/channel\/UC34bvHwPDOMMgVM8R3VuyeA"]}]}},"_links":{"self":[{"href":"https:\/\/onmagad-melyen.eu\/de\/wp-json\/wp\/v2\/pages\/64","targetHints":{"allow":["GET"]}}],"collection":[{"href":"https:\/\/onmagad-melyen.eu\/de\/wp-json\/wp\/v2\/pages"}],"about":[{"href":"https:\/\/onmagad-melyen.eu\/de\/wp-json\/wp\/v2\/types\/page"}],"author":[{"embeddable":true,"href":"https:\/\/onmagad-melyen.eu\/de\/wp-json\/wp\/v2\/users\/1"}],"replies":[{"embeddable":true,"href":"https:\/\/onmagad-melyen.eu\/de\/wp-json\/wp\/v2\/comments?post=64"}],"version-history":[{"count":62,"href":"https:\/\/onmagad-melyen.eu\/de\/wp-json\/wp\/v2\/pages\/64\/revisions"}],"predecessor-version":[{"id":488,"href":"https:\/\/onmagad-melyen.eu\/de\/wp-json\/wp\/v2\/pages\/64\/revisions\/488"}],"wp:attachment":[{"href":"https:\/\/onmagad-melyen.eu\/de\/wp-json\/wp\/v2\/media?parent=64"}],"curies":[{"name":"wp","href":"https:\/\/api.w.org\/{rel}","templated":true}]}}