{"id":62,"date":"2023-04-16T20:04:01","date_gmt":"2023-04-16T20:04:01","guid":{"rendered":"http:\/\/onmagad-melyen.eu\/?page_id=62"},"modified":"2024-02-11T21:02:39","modified_gmt":"2024-02-11T21:02:39","slug":"gyakori-kerdesek","status":"publish","type":"page","link":"https:\/\/onmagad-melyen.eu\/de\/gyakori-kerdesek\/","title":{"rendered":"FAQ"},"content":{"rendered":"<p><em>Auf dieser Seite versuche ich die h\u00e4ufigst gestellte Fragen zu beantworten. Nat\u00fcrlich antworte ich auf alle Deine Fragen, die Du sonst noch hast. Trau Dich und kontaktiere uns einfach!<\/em><\/p>\n\n\n\n<p><em><strong>Wie lange dauert es, bis diese Methoden helfen?<\/strong><br><br>Alle Menschen unterschiedlich sind, wie auch deren Problemen. Bei einem komplexeren Problem kann es vorkommen, dass wir uns \u00f6fters sehen m\u00fcssen. In sehr viele F\u00e4lle ist es m\u00f6glich, innerhalb von Minuten oder Stunden eine positive Ver\u00e4nderung schaffen zu k\u00f6nnen.<br><br><strong>Wie effizient sind diese Methoden?<\/strong><br><br>Laut meiner eigene Erfahrungen und der vielen Feedbacks meiner Kunden, sind diese Methoden sehr effizient. Es ist sehr vielf\u00e4ltig und macht viel Spass, da wir uns w\u00e4hrend diese Sitzungen wirklich mit den Situationen der Kunden besch\u00e4ftigen. Die Seele wird dabei gereinigt und gepflegt.<br><br><strong>Ist es unbedingt notwendig, dass ich pers\u00f6nlich auf einer Sitzung teilnehme?<\/strong><br><br>Es ist nicht notwendig, aber laut meiner Erfahrung ist die Arbeit viel effizienter, weil wir \u00fcber eventuelle Fragen direkt dar\u00fcber sprechen k\u00f6nnen.<\/em><\/p>","protected":false},"excerpt":{"rendered":"<p>Ezen az oldalon megpr\u00f3b\u00e1lom a gyakran feltett k\u00e9rd\u00e9seket \u00f6sszefoglalni \u00e9s megv\u00e1laszolni. Term\u00e9szetesen minden, itt nem l\u00e1tott k\u00e9rd\u00e9sre sz\u00edvesen v\u00e1laszolok, csak \u00edrjatok b\u00e1tran valamelyik el\u00e9rhet\u0151s\u00e9gemre! Mennyi id\u0151, mire hat ez a m\u00f3dszer? Mint ahogy minden ember, \u00fagy minden probl\u00e9ma is m\u00e1s.. Egy komplexebb probl\u00e9m\u00e1n\u00e1l el\u0151fordulhat, hogy t\u00f6bbsz\u00f6r is tal\u00e1lkoznunk kell, egy egyszer\u0171bbet ak\u00e1r p\u00e1r \u00f3r\u00e1n bel\u00fcl is meg lehet oldani. Mennyire hat\u00e9kony ez a m\u00f3dszer? Saj\u00e1t \u00e9s \u00fcgyfeleim tapasztalat\u00e1b\u00f3l kiindulva nagyon, teh\u00e1t nincs m\u00e1s h\u00e1tra, pr\u00f3b\u00e1ld ki Te is! Sz\u00fcks\u00e9ges a szem\u00e9lyes jelenl\u00e9t egy- egy kezel\u00e9shez? Nem sz\u00fcks\u00e9ges, de sokszor el\u0151bbre viszi a k\u00f6z\u00f6s munk\u00e1nkat.<\/p>","protected":false},"author":1,"featured_media":0,"parent":0,"menu_order":0,"comment_status":"closed","ping_status":"closed","template":"","meta":{"footnotes":""},"class_list":["post-62","page","type-page","status-publish","hentry"],"yoast_head":"<!-- This site is optimized with the Yoast SEO plugin v26.7 - https:\/\/yoast.com\/wordpress\/plugins\/seo\/ -->\n<title>Gyakori k\u00e9rd\u00e9sek - \u00d6nmagunk m\u00e9ly\u00e9n<\/title>\n<meta name=\"robots\" content=\"index, follow, max-snippet:-1, max-image-preview:large, max-video-preview:-1\" \/>\n<link rel=\"canonical\" href=\"https:\/\/onmagad-melyen.eu\/de\/gyakori-kerdesek\/\" \/>\n<meta property=\"og:locale\" content=\"de_DE\" \/>\n<meta property=\"og:type\" content=\"article\" \/>\n<meta property=\"og:title\" content=\"Gyakori k\u00e9rd\u00e9sek - \u00d6nmagunk m\u00e9ly\u00e9n\" \/>\n<meta property=\"og:description\" content=\"Ezen az oldalon megpr\u00f3b\u00e1lom a gyakran feltett k\u00e9rd\u00e9seket \u00f6sszefoglalni \u00e9s megv\u00e1laszolni. Term\u00e9szetesen minden, itt nem l\u00e1tott k\u00e9rd\u00e9sre sz\u00edvesen v\u00e1laszolok, csak \u00edrjatok b\u00e1tran valamelyik el\u00e9rhet\u0151s\u00e9gemre! Mennyi id\u0151, mire hat ez a m\u00f3dszer? Mint ahogy minden ember, \u00fagy minden probl\u00e9ma is m\u00e1s.. Egy komplexebb probl\u00e9m\u00e1n\u00e1l el\u0151fordulhat, hogy t\u00f6bbsz\u00f6r is tal\u00e1lkoznunk kell, egy egyszer\u0171bbet ak\u00e1r p\u00e1r \u00f3r\u00e1n bel\u00fcl is meg lehet oldani. Mennyire hat\u00e9kony ez a m\u00f3dszer? Saj\u00e1t \u00e9s \u00fcgyfeleim tapasztalat\u00e1b\u00f3l kiindulva nagyon, teh\u00e1t nincs m\u00e1s h\u00e1tra, pr\u00f3b\u00e1ld ki Te is! Sz\u00fcks\u00e9ges a szem\u00e9lyes jelenl\u00e9t egy- egy kezel\u00e9shez? Nem sz\u00fcks\u00e9ges, de sokszor el\u0151bbre viszi a k\u00f6z\u00f6s munk\u00e1nkat.\" \/>\n<meta property=\"og:url\" content=\"https:\/\/onmagad-melyen.eu\/de\/gyakori-kerdesek\/\" \/>\n<meta property=\"og:site_name\" content=\"\u00d6nmagunk m\u00e9ly\u00e9n\" \/>\n<meta property=\"article:publisher\" content=\"https:\/\/www.facebook.com\/profile.php?id=100075969904587\" \/>\n<meta property=\"article:modified_time\" content=\"2024-02-11T21:02:39+00:00\" \/>\n<meta name=\"twitter:card\" content=\"summary_large_image\" \/>\n<meta name=\"twitter:label1\" content=\"Gesch\u00e4tzte Lesezeit\" \/>\n\t<meta name=\"twitter:data1\" content=\"1 Minute\" \/>\n<script type=\"application\/ld+json\" class=\"yoast-schema-graph\">{\"@context\":\"https:\/\/schema.org\",\"@graph\":[{\"@type\":\"WebPage\",\"@id\":\"https:\/\/onmagad-melyen.eu\/gyakori-kerdesek\/\",\"url\":\"https:\/\/onmagad-melyen.eu\/gyakori-kerdesek\/\",\"name\":\"Gyakori k\u00e9rd\u00e9sek - \u00d6nmagunk m\u00e9ly\u00e9n\",\"isPartOf\":{\"@id\":\"https:\/\/onmagad-melyen.eu\/#website\"},\"datePublished\":\"2023-04-16T20:04:01+00:00\",\"dateModified\":\"2024-02-11T21:02:39+00:00\",\"breadcrumb\":{\"@id\":\"https:\/\/onmagad-melyen.eu\/gyakori-kerdesek\/#breadcrumb\"},\"inLanguage\":\"de-AT\",\"potentialAction\":[{\"@type\":\"ReadAction\",\"target\":[\"https:\/\/onmagad-melyen.eu\/gyakori-kerdesek\/\"]}]},{\"@type\":\"BreadcrumbList\",\"@id\":\"https:\/\/onmagad-melyen.eu\/gyakori-kerdesek\/#breadcrumb\",\"itemListElement\":[{\"@type\":\"ListItem\",\"position\":1,\"name\":\"Kezd\u0151lap\",\"item\":\"https:\/\/onmagad-melyen.eu\/\"},{\"@type\":\"ListItem\",\"position\":2,\"name\":\"Gyakori k\u00e9rd\u00e9sek\"}]},{\"@type\":\"WebSite\",\"@id\":\"https:\/\/onmagad-melyen.eu\/#website\",\"url\":\"https:\/\/onmagad-melyen.eu\/\",\"name\":\"\u00d6nmagunk m\u00e9ly\u00e9n\",\"description\":\"V\u00e1ltozzunk \u00e9s v\u00e1ltoztassunk egy\u00fctt...\",\"publisher\":{\"@id\":\"https:\/\/onmagad-melyen.eu\/#organization\"},\"potentialAction\":[{\"@type\":\"SearchAction\",\"target\":{\"@type\":\"EntryPoint\",\"urlTemplate\":\"https:\/\/onmagad-melyen.eu\/?s={search_term_string}\"},\"query-input\":{\"@type\":\"PropertyValueSpecification\",\"valueRequired\":true,\"valueName\":\"search_term_string\"}}],\"inLanguage\":\"de-AT\"},{\"@type\":\"Organization\",\"@id\":\"https:\/\/onmagad-melyen.eu\/#organization\",\"name\":\"\u00d6nmagunk m\u00e9ly\u00e9n\",\"url\":\"https:\/\/onmagad-melyen.eu\/\",\"logo\":{\"@type\":\"ImageObject\",\"inLanguage\":\"de-AT\",\"@id\":\"https:\/\/onmagad-melyen.eu\/#\/schema\/logo\/image\/\",\"url\":\"https:\/\/onmagad-melyen.eu\/wp-content\/uploads\/2026\/01\/logo.jpg\",\"contentUrl\":\"https:\/\/onmagad-melyen.eu\/wp-content\/uploads\/2026\/01\/logo.jpg\",\"width\":200,\"height\":200,\"caption\":\"\u00d6nmagunk m\u00e9ly\u00e9n\"},\"image\":{\"@id\":\"https:\/\/onmagad-melyen.eu\/#\/schema\/logo\/image\/\"},\"sameAs\":[\"https:\/\/www.facebook.com\/profile.php?id=100075969904587\",\"https:\/\/www.instagram.com\/onmagad_melyen\/\",\"https:\/\/www.youtube.com\/channel\/UC34bvHwPDOMMgVM8R3VuyeA\"]}]}<\/script>\n<!-- \/ Yoast SEO plugin. -->","yoast_head_json":{"title":"Gyakori k\u00e9rd\u00e9sek - \u00d6nmagunk m\u00e9ly\u00e9n","robots":{"index":"index","follow":"follow","max-snippet":"max-snippet:-1","max-image-preview":"max-image-preview:large","max-video-preview":"max-video-preview:-1"},"canonical":"https:\/\/onmagad-melyen.eu\/de\/gyakori-kerdesek\/","og_locale":"de_DE","og_type":"article","og_title":"Gyakori k\u00e9rd\u00e9sek - \u00d6nmagunk m\u00e9ly\u00e9n","og_description":"Ezen az oldalon megpr\u00f3b\u00e1lom a gyakran feltett k\u00e9rd\u00e9seket \u00f6sszefoglalni \u00e9s megv\u00e1laszolni. Term\u00e9szetesen minden, itt nem l\u00e1tott k\u00e9rd\u00e9sre sz\u00edvesen v\u00e1laszolok, csak \u00edrjatok b\u00e1tran valamelyik el\u00e9rhet\u0151s\u00e9gemre! Mennyi id\u0151, mire hat ez a m\u00f3dszer? Mint ahogy minden ember, \u00fagy minden probl\u00e9ma is m\u00e1s.. Egy komplexebb probl\u00e9m\u00e1n\u00e1l el\u0151fordulhat, hogy t\u00f6bbsz\u00f6r is tal\u00e1lkoznunk kell, egy egyszer\u0171bbet ak\u00e1r p\u00e1r \u00f3r\u00e1n bel\u00fcl is meg lehet oldani. Mennyire hat\u00e9kony ez a m\u00f3dszer? Saj\u00e1t \u00e9s \u00fcgyfeleim tapasztalat\u00e1b\u00f3l kiindulva nagyon, teh\u00e1t nincs m\u00e1s h\u00e1tra, pr\u00f3b\u00e1ld ki Te is! Sz\u00fcks\u00e9ges a szem\u00e9lyes jelenl\u00e9t egy- egy kezel\u00e9shez? Nem sz\u00fcks\u00e9ges, de sokszor el\u0151bbre viszi a k\u00f6z\u00f6s munk\u00e1nkat.","og_url":"https:\/\/onmagad-melyen.eu\/de\/gyakori-kerdesek\/","og_site_name":"\u00d6nmagunk m\u00e9ly\u00e9n","article_publisher":"https:\/\/www.facebook.com\/profile.php?id=100075969904587","article_modified_time":"2024-02-11T21:02:39+00:00","twitter_card":"summary_large_image","twitter_misc":{"Gesch\u00e4tzte Lesezeit":"1 Minute"},"schema":{"@context":"https:\/\/schema.org","@graph":[{"@type":"WebPage","@id":"https:\/\/onmagad-melyen.eu\/gyakori-kerdesek\/","url":"https:\/\/onmagad-melyen.eu\/gyakori-kerdesek\/","name":"Gyakori k\u00e9rd\u00e9sek - \u00d6nmagunk m\u00e9ly\u00e9n","isPartOf":{"@id":"https:\/\/onmagad-melyen.eu\/#website"},"datePublished":"2023-04-16T20:04:01+00:00","dateModified":"2024-02-11T21:02:39+00:00","breadcrumb":{"@id":"https:\/\/onmagad-melyen.eu\/gyakori-kerdesek\/#breadcrumb"},"inLanguage":"de-AT","potentialAction":[{"@type":"ReadAction","target":["https:\/\/onmagad-melyen.eu\/gyakori-kerdesek\/"]}]},{"@type":"BreadcrumbList","@id":"https:\/\/onmagad-melyen.eu\/gyakori-kerdesek\/#breadcrumb","itemListElement":[{"@type":"ListItem","position":1,"name":"Kezd\u0151lap","item":"https:\/\/onmagad-melyen.eu\/"},{"@type":"ListItem","position":2,"name":"Gyakori k\u00e9rd\u00e9sek"}]},{"@type":"WebSite","@id":"https:\/\/onmagad-melyen.eu\/#website","url":"https:\/\/onmagad-melyen.eu\/","name":"Deep in my mind","description":"V\u00e1ltozzunk \u00e9s v\u00e1ltoztassunk egy\u00fctt...","publisher":{"@id":"https:\/\/onmagad-melyen.eu\/#organization"},"potentialAction":[{"@type":"SearchAction","target":{"@type":"EntryPoint","urlTemplate":"https:\/\/onmagad-melyen.eu\/?s={search_term_string}"},"query-input":{"@type":"PropertyValueSpecification","valueRequired":true,"valueName":"search_term_string"}}],"inLanguage":"de-AT"},{"@type":"Organization","@id":"https:\/\/onmagad-melyen.eu\/#organization","name":"Deep in my mind","url":"https:\/\/onmagad-melyen.eu\/","logo":{"@type":"ImageObject","inLanguage":"de-AT","@id":"https:\/\/onmagad-melyen.eu\/#\/schema\/logo\/image\/","url":"https:\/\/onmagad-melyen.eu\/wp-content\/uploads\/2026\/01\/logo.jpg","contentUrl":"https:\/\/onmagad-melyen.eu\/wp-content\/uploads\/2026\/01\/logo.jpg","width":200,"height":200,"caption":"\u00d6nmagunk m\u00e9ly\u00e9n"},"image":{"@id":"https:\/\/onmagad-melyen.eu\/#\/schema\/logo\/image\/"},"sameAs":["https:\/\/www.facebook.com\/profile.php?id=100075969904587","https:\/\/www.instagram.com\/onmagad_melyen\/","https:\/\/www.youtube.com\/channel\/UC34bvHwPDOMMgVM8R3VuyeA"]}]}},"_links":{"self":[{"href":"https:\/\/onmagad-melyen.eu\/de\/wp-json\/wp\/v2\/pages\/62","targetHints":{"allow":["GET"]}}],"collection":[{"href":"https:\/\/onmagad-melyen.eu\/de\/wp-json\/wp\/v2\/pages"}],"about":[{"href":"https:\/\/onmagad-melyen.eu\/de\/wp-json\/wp\/v2\/types\/page"}],"author":[{"embeddable":true,"href":"https:\/\/onmagad-melyen.eu\/de\/wp-json\/wp\/v2\/users\/1"}],"replies":[{"embeddable":true,"href":"https:\/\/onmagad-melyen.eu\/de\/wp-json\/wp\/v2\/comments?post=62"}],"version-history":[{"count":3,"href":"https:\/\/onmagad-melyen.eu\/de\/wp-json\/wp\/v2\/pages\/62\/revisions"}],"predecessor-version":[{"id":457,"href":"https:\/\/onmagad-melyen.eu\/de\/wp-json\/wp\/v2\/pages\/62\/revisions\/457"}],"wp:attachment":[{"href":"https:\/\/onmagad-melyen.eu\/de\/wp-json\/wp\/v2\/media?parent=62"}],"curies":[{"name":"wp","href":"https:\/\/api.w.org\/{rel}","templated":true}]}}