{"id":57,"date":"2023-04-16T20:02:46","date_gmt":"2023-04-16T20:02:46","guid":{"rendered":"http:\/\/onmagad-melyen.eu\/?page_id=57"},"modified":"2023-04-16T20:50:33","modified_gmt":"2023-04-16T20:50:33","slug":"rolunk","status":"publish","type":"page","link":"https:\/\/onmagad-melyen.eu\/de\/rolunk\/","title":{"rendered":"\u00dcber Uns"},"content":{"rendered":"<figure class=\"wp-block-image size-large\"><img loading=\"lazy\" decoding=\"async\" width=\"1024\" height=\"578\" src=\"http:\/\/onmagad-melyen.eu\/wp-content\/uploads\/2023\/04\/mi-1024x578.jpg\" alt=\"\" class=\"wp-image-58\" srcset=\"https:\/\/onmagad-melyen.eu\/wp-content\/uploads\/2023\/04\/mi-1024x578.jpg 1024w, https:\/\/onmagad-melyen.eu\/wp-content\/uploads\/2023\/04\/mi-300x169.jpg 300w, https:\/\/onmagad-melyen.eu\/wp-content\/uploads\/2023\/04\/mi-768x434.jpg 768w, https:\/\/onmagad-melyen.eu\/wp-content\/uploads\/2023\/04\/mi-1536x867.jpg 1536w, https:\/\/onmagad-melyen.eu\/wp-content\/uploads\/2023\/04\/mi-1140x643.jpg 1140w, https:\/\/onmagad-melyen.eu\/wp-content\/uploads\/2023\/04\/mi.jpg 2048w\" sizes=\"auto, (max-width: 1024px) 100vw, 1024px\" \/><\/figure>\n\n\n\n<p><\/p>\n\n\n\n<p><em>Unser Name ist Krisztina Szilagyi und Miklos Simon. Wir leben bereits seit langer Zeit in einer gl\u00fccklichen Beziehung. Nat\u00fcrlich hatten wir auch schon mehrmals in unserem Leben Schwierigkeiten und werden diese auch zuk\u00fcnftig haben, wie alle anderen Menschen auch, die als \"Helfer\" t\u00e4tig sind. Wir sind ebenso wie alle anderen auch schon einmal tief gefallen. Wir sind Menschen und haben auch unsere eigenen Probleme. Dennoch haben wir immer nach L\u00f6sungen gesucht und wollen verstehen, warum die Dinge um uns herum geschehen.<\/em><br><br><em>Vor ein paar Jahren hat Krisztina eine liebe Bekannte kennengelernt, die schon seit mehreren Jahrzehnten mit verschiedenen spirituellen Methoden arbeitet. Diese hat sie eine Zeit lang unterst\u00fctzt und es hat so unglaublich gut funktioniert und so viel Verst\u00e4ndnis gebracht, dass Krisztina es selbst lernen wollte. Ihr Hauptmotiv war, einige Methoden wie zum Beispiel das Pendeln als Medium oder verschiedene Analysenmethoden zu erlernen, bei denen man anhand des Geburtsdatums unterschiedliche Lebensaufgaben untersuchen oder eine sogenannte chronobiologische Analyse erstellen kann. Bis heute hat sie viele weitere Methoden wie zum Beispiel die Analyse von Zeichnungen oder das Legen von Tarotkarten erlernt und wendet diese auch t\u00e4glich an.<\/em><br><br><em>Es war unvermeidbar, dass ich auch mit diesen Themen konfrontiert werde. Nachdem ich die Erfahrung gemacht habe, dass diese Methoden so gut unterst\u00fctzen, habe ich das Pendeln als Methode erlernt. Diese Methode gef\u00e4llt mir am besten, weil ich mit Hilfe des Pendels nicht nur Probleme erkennen, sondern auch L\u00f6sungen anbieten kann. Seitdem haben wir bereits unz\u00e4hligen Menschen weitergeholfen. In unserer Arbeit gef\u00e4llt uns am besten, dass wir sehr oft die Erkenntnis gewinnen, dass die Dinge, die wir als negativ bezeichnen, genau so passen, wie sie sind. Wir k\u00f6nnen sie etwas angenehmer gestalten, um den Lernprozess ertr\u00e4glicher zu machen. Mit diesen Erfahrungen werden die Ursachen der Probleme klarer und ihre Bedeutung wird geringer. Es gibt auch F\u00e4lle, in denen es uns durch die Reduktion der Bedeutung von Problemen gelingt, dass diese nicht mehr existieren..<\/em><\/p>","protected":false},"excerpt":{"rendered":"<p>A nev\u00fcnk Szil\u00e1gyi Krisztina \u00e9s Simon Mikl\u00f3s. T\u00f6bb \u00e9ve \u00e9l\u00fcnk boldog kapcsolatban, de mint mindenkinek az \u00e9let\u00e9ben, a mi\u00e9nkben is voltak, illetve mindig is lesznek neh\u00e9zs\u00e9gek. Mint szinte minden seg\u00edt\u0151, mi is voltunk a m\u00e1sik oldalon. Szokt\u00e1k mondani, hogy mindenki aki seg\u00edt\u0151nek \u00e1ll, volt m\u00e1r nagyon lent. Ezzel mi sem voltunk m\u00e1sk\u00e9pp, tal\u00e1n annyiban k\u00fcl\u00f6nb\u00f6zt\u00fcnk m\u00e1sokt\u00f3l, hogy kerest\u00fck a megold\u00e1sokat \u00e9s szerett\u00fck volna meg\u00e9rteni, hogy mi mi\u00e9rt t\u00f6rt\u00e9nik. \u00cdgy t\u00f6rt\u00e9nt, hogy Kriszti r\u00e1tal\u00e1lt egy kedves ismer\u0151s\u00fcnkre, aki k\u00fcl\u00f6nb\u00f6z\u0151 spiritu\u00e1lis technik\u00e1kkal egyengette az \u00fatjainkat \u00e9s oly annyira m\u0171k\u00f6d\u00f6tt, hogy \u0151 is meg akarta ezeket a lehet\u0151s\u00e9geket ismerni, majd el is saj\u00e1t\u00edtott bel\u0151l\u00fck sokat, mint p\u00e9ld\u00e1ul az ing\u00e1s k\u00f6zvet\u00edt\u00e9s, sorsforgat\u00f3k\u00f6nyv, kronobiol\u00f3giai elemz\u00e9s, tarot, rajzteszt. Elker\u00fclhetetlen volt, hogy \u00e9n is konfront\u00e1l\u00f3djak ezekkel a m\u00f3dszerekkel \u00e9s l\u00e1tv\u00e1n, hogy mennyire hat\u00e9kony \u00e9n is megtanultam az ing\u00e1s k\u00f6zvet\u00edt\u00e9st, amivel sz\u00e1mtalan probl\u00e9m\u00e1nkat oldottam meg \u00e9s nagyon sok embernek tudtunk seg\u00edteni vele. A munk\u00e1nkban az tetszik a legjobban, hogy miut\u00e1n r\u00e1\u00e9bred\u00fcnk egy- egy probl\u00e9m\u00e1nk gy\u00f6ker\u00e9re, r\u00e1j\u00f6v\u00fcnk, hogy az nagyon is j\u00f3 \u00fagy ahogy van. Hirtelen minden a hely\u00e9re ker\u00fcl \u00e9s ha meg\u00e9rtj\u00fck, hogy mi\u00e9rt alakul \u00edgy, m\u00e1r nem is tekint\u00fcnk r\u00e1 probl\u00e9mak\u00e9nt. Term\u00e9szetesen van olyan is, amikor enyh\u00edt\u00fcnk a jelent\u0151s\u00e9g\u00e9n, ez \u00e1ltal pedig elt\u0171nik az \u00e9let\u00fcnkb\u0151l.<\/p>","protected":false},"author":1,"featured_media":0,"parent":0,"menu_order":0,"comment_status":"closed","ping_status":"closed","template":"","meta":{"footnotes":""},"class_list":["post-57","page","type-page","status-publish","hentry"],"yoast_head":"<!-- This site is optimized with the Yoast SEO plugin v26.7 - https:\/\/yoast.com\/wordpress\/plugins\/seo\/ -->\n<title>R\u00f3lunk - \u00d6nmagunk m\u00e9ly\u00e9n<\/title>\n<meta name=\"robots\" content=\"index, follow, max-snippet:-1, max-image-preview:large, max-video-preview:-1\" \/>\n<link rel=\"canonical\" href=\"https:\/\/onmagad-melyen.eu\/de\/rolunk\/\" \/>\n<meta property=\"og:locale\" content=\"de_DE\" \/>\n<meta property=\"og:type\" content=\"article\" \/>\n<meta property=\"og:title\" content=\"R\u00f3lunk - \u00d6nmagunk m\u00e9ly\u00e9n\" \/>\n<meta property=\"og:description\" content=\"A nev\u00fcnk Szil\u00e1gyi Krisztina \u00e9s Simon Mikl\u00f3s. T\u00f6bb \u00e9ve \u00e9l\u00fcnk boldog kapcsolatban, de mint mindenkinek az \u00e9let\u00e9ben, a mi\u00e9nkben is voltak, illetve mindig is lesznek neh\u00e9zs\u00e9gek. Mint szinte minden seg\u00edt\u0151, mi is voltunk a m\u00e1sik oldalon. Szokt\u00e1k mondani, hogy mindenki aki seg\u00edt\u0151nek \u00e1ll, volt m\u00e1r nagyon lent. Ezzel mi sem voltunk m\u00e1sk\u00e9pp, tal\u00e1n annyiban k\u00fcl\u00f6nb\u00f6zt\u00fcnk m\u00e1sokt\u00f3l, hogy kerest\u00fck a megold\u00e1sokat \u00e9s szerett\u00fck volna meg\u00e9rteni, hogy mi mi\u00e9rt t\u00f6rt\u00e9nik. \u00cdgy t\u00f6rt\u00e9nt, hogy Kriszti r\u00e1tal\u00e1lt egy kedves ismer\u0151s\u00fcnkre, aki k\u00fcl\u00f6nb\u00f6z\u0151 spiritu\u00e1lis technik\u00e1kkal egyengette az \u00fatjainkat \u00e9s oly annyira m\u0171k\u00f6d\u00f6tt, hogy \u0151 is meg akarta ezeket a lehet\u0151s\u00e9geket ismerni, majd el is saj\u00e1t\u00edtott bel\u0151l\u00fck sokat, mint p\u00e9ld\u00e1ul az ing\u00e1s k\u00f6zvet\u00edt\u00e9s, sorsforgat\u00f3k\u00f6nyv, kronobiol\u00f3giai elemz\u00e9s, tarot, rajzteszt. Elker\u00fclhetetlen volt, hogy \u00e9n is konfront\u00e1l\u00f3djak ezekkel a m\u00f3dszerekkel \u00e9s l\u00e1tv\u00e1n, hogy mennyire hat\u00e9kony \u00e9n is megtanultam az ing\u00e1s k\u00f6zvet\u00edt\u00e9st, amivel sz\u00e1mtalan probl\u00e9m\u00e1nkat oldottam meg \u00e9s nagyon sok embernek tudtunk seg\u00edteni vele. A munk\u00e1nkban az tetszik a legjobban, hogy miut\u00e1n r\u00e1\u00e9bred\u00fcnk egy- egy probl\u00e9m\u00e1nk gy\u00f6ker\u00e9re, r\u00e1j\u00f6v\u00fcnk, hogy az nagyon is j\u00f3 \u00fagy ahogy van. Hirtelen minden a hely\u00e9re ker\u00fcl \u00e9s ha meg\u00e9rtj\u00fck, hogy mi\u00e9rt alakul \u00edgy, m\u00e1r nem is tekint\u00fcnk r\u00e1 probl\u00e9mak\u00e9nt. Term\u00e9szetesen van olyan is, amikor enyh\u00edt\u00fcnk a jelent\u0151s\u00e9g\u00e9n, ez \u00e1ltal pedig elt\u0171nik az \u00e9let\u00fcnkb\u0151l.\" \/>\n<meta property=\"og:url\" content=\"https:\/\/onmagad-melyen.eu\/de\/rolunk\/\" \/>\n<meta property=\"og:site_name\" content=\"\u00d6nmagunk m\u00e9ly\u00e9n\" \/>\n<meta property=\"article:publisher\" content=\"https:\/\/www.facebook.com\/profile.php?id=100075969904587\" \/>\n<meta property=\"article:modified_time\" content=\"2023-04-16T20:50:33+00:00\" \/>\n<meta property=\"og:image\" content=\"http:\/\/onmagad-melyen.eu\/wp-content\/uploads\/2023\/04\/mi-1024x578.jpg\" \/>\n<meta name=\"twitter:card\" content=\"summary_large_image\" \/>\n<meta name=\"twitter:label1\" content=\"Gesch\u00e4tzte Lesezeit\" \/>\n\t<meta name=\"twitter:data1\" content=\"2 Minuten\" \/>\n<script type=\"application\/ld+json\" class=\"yoast-schema-graph\">{\"@context\":\"https:\/\/schema.org\",\"@graph\":[{\"@type\":\"WebPage\",\"@id\":\"https:\/\/onmagad-melyen.eu\/rolunk\/\",\"url\":\"https:\/\/onmagad-melyen.eu\/rolunk\/\",\"name\":\"R\u00f3lunk - \u00d6nmagunk m\u00e9ly\u00e9n\",\"isPartOf\":{\"@id\":\"https:\/\/onmagad-melyen.eu\/#website\"},\"primaryImageOfPage\":{\"@id\":\"https:\/\/onmagad-melyen.eu\/rolunk\/#primaryimage\"},\"image\":{\"@id\":\"https:\/\/onmagad-melyen.eu\/rolunk\/#primaryimage\"},\"thumbnailUrl\":\"http:\/\/onmagad-melyen.eu\/wp-content\/uploads\/2023\/04\/mi-1024x578.jpg\",\"datePublished\":\"2023-04-16T20:02:46+00:00\",\"dateModified\":\"2023-04-16T20:50:33+00:00\",\"breadcrumb\":{\"@id\":\"https:\/\/onmagad-melyen.eu\/rolunk\/#breadcrumb\"},\"inLanguage\":\"de-AT\",\"potentialAction\":[{\"@type\":\"ReadAction\",\"target\":[\"https:\/\/onmagad-melyen.eu\/rolunk\/\"]}]},{\"@type\":\"ImageObject\",\"inLanguage\":\"de-AT\",\"@id\":\"https:\/\/onmagad-melyen.eu\/rolunk\/#primaryimage\",\"url\":\"http:\/\/onmagad-melyen.eu\/wp-content\/uploads\/2023\/04\/mi-1024x578.jpg\",\"contentUrl\":\"http:\/\/onmagad-melyen.eu\/wp-content\/uploads\/2023\/04\/mi-1024x578.jpg\"},{\"@type\":\"BreadcrumbList\",\"@id\":\"https:\/\/onmagad-melyen.eu\/rolunk\/#breadcrumb\",\"itemListElement\":[{\"@type\":\"ListItem\",\"position\":1,\"name\":\"Kezd\u0151lap\",\"item\":\"https:\/\/onmagad-melyen.eu\/\"},{\"@type\":\"ListItem\",\"position\":2,\"name\":\"R\u00f3lunk\"}]},{\"@type\":\"WebSite\",\"@id\":\"https:\/\/onmagad-melyen.eu\/#website\",\"url\":\"https:\/\/onmagad-melyen.eu\/\",\"name\":\"\u00d6nmagunk m\u00e9ly\u00e9n\",\"description\":\"V\u00e1ltozzunk \u00e9s v\u00e1ltoztassunk egy\u00fctt...\",\"publisher\":{\"@id\":\"https:\/\/onmagad-melyen.eu\/#organization\"},\"potentialAction\":[{\"@type\":\"SearchAction\",\"target\":{\"@type\":\"EntryPoint\",\"urlTemplate\":\"https:\/\/onmagad-melyen.eu\/?s={search_term_string}\"},\"query-input\":{\"@type\":\"PropertyValueSpecification\",\"valueRequired\":true,\"valueName\":\"search_term_string\"}}],\"inLanguage\":\"de-AT\"},{\"@type\":\"Organization\",\"@id\":\"https:\/\/onmagad-melyen.eu\/#organization\",\"name\":\"\u00d6nmagunk m\u00e9ly\u00e9n\",\"url\":\"https:\/\/onmagad-melyen.eu\/\",\"logo\":{\"@type\":\"ImageObject\",\"inLanguage\":\"de-AT\",\"@id\":\"https:\/\/onmagad-melyen.eu\/#\/schema\/logo\/image\/\",\"url\":\"https:\/\/onmagad-melyen.eu\/wp-content\/uploads\/2026\/01\/logo.jpg\",\"contentUrl\":\"https:\/\/onmagad-melyen.eu\/wp-content\/uploads\/2026\/01\/logo.jpg\",\"width\":200,\"height\":200,\"caption\":\"\u00d6nmagunk m\u00e9ly\u00e9n\"},\"image\":{\"@id\":\"https:\/\/onmagad-melyen.eu\/#\/schema\/logo\/image\/\"},\"sameAs\":[\"https:\/\/www.facebook.com\/profile.php?id=100075969904587\",\"https:\/\/www.instagram.com\/onmagad_melyen\/\",\"https:\/\/www.youtube.com\/channel\/UC34bvHwPDOMMgVM8R3VuyeA\"]}]}<\/script>\n<!-- \/ Yoast SEO plugin. -->","yoast_head_json":{"title":"R\u00f3lunk - \u00d6nmagunk m\u00e9ly\u00e9n","robots":{"index":"index","follow":"follow","max-snippet":"max-snippet:-1","max-image-preview":"max-image-preview:large","max-video-preview":"max-video-preview:-1"},"canonical":"https:\/\/onmagad-melyen.eu\/de\/rolunk\/","og_locale":"de_DE","og_type":"article","og_title":"R\u00f3lunk - \u00d6nmagunk m\u00e9ly\u00e9n","og_description":"A nev\u00fcnk Szil\u00e1gyi Krisztina \u00e9s Simon Mikl\u00f3s. T\u00f6bb \u00e9ve \u00e9l\u00fcnk boldog kapcsolatban, de mint mindenkinek az \u00e9let\u00e9ben, a mi\u00e9nkben is voltak, illetve mindig is lesznek neh\u00e9zs\u00e9gek. Mint szinte minden seg\u00edt\u0151, mi is voltunk a m\u00e1sik oldalon. Szokt\u00e1k mondani, hogy mindenki aki seg\u00edt\u0151nek \u00e1ll, volt m\u00e1r nagyon lent. Ezzel mi sem voltunk m\u00e1sk\u00e9pp, tal\u00e1n annyiban k\u00fcl\u00f6nb\u00f6zt\u00fcnk m\u00e1sokt\u00f3l, hogy kerest\u00fck a megold\u00e1sokat \u00e9s szerett\u00fck volna meg\u00e9rteni, hogy mi mi\u00e9rt t\u00f6rt\u00e9nik. \u00cdgy t\u00f6rt\u00e9nt, hogy Kriszti r\u00e1tal\u00e1lt egy kedves ismer\u0151s\u00fcnkre, aki k\u00fcl\u00f6nb\u00f6z\u0151 spiritu\u00e1lis technik\u00e1kkal egyengette az \u00fatjainkat \u00e9s oly annyira m\u0171k\u00f6d\u00f6tt, hogy \u0151 is meg akarta ezeket a lehet\u0151s\u00e9geket ismerni, majd el is saj\u00e1t\u00edtott bel\u0151l\u00fck sokat, mint p\u00e9ld\u00e1ul az ing\u00e1s k\u00f6zvet\u00edt\u00e9s, sorsforgat\u00f3k\u00f6nyv, kronobiol\u00f3giai elemz\u00e9s, tarot, rajzteszt. Elker\u00fclhetetlen volt, hogy \u00e9n is konfront\u00e1l\u00f3djak ezekkel a m\u00f3dszerekkel \u00e9s l\u00e1tv\u00e1n, hogy mennyire hat\u00e9kony \u00e9n is megtanultam az ing\u00e1s k\u00f6zvet\u00edt\u00e9st, amivel sz\u00e1mtalan probl\u00e9m\u00e1nkat oldottam meg \u00e9s nagyon sok embernek tudtunk seg\u00edteni vele. A munk\u00e1nkban az tetszik a legjobban, hogy miut\u00e1n r\u00e1\u00e9bred\u00fcnk egy- egy probl\u00e9m\u00e1nk gy\u00f6ker\u00e9re, r\u00e1j\u00f6v\u00fcnk, hogy az nagyon is j\u00f3 \u00fagy ahogy van. Hirtelen minden a hely\u00e9re ker\u00fcl \u00e9s ha meg\u00e9rtj\u00fck, hogy mi\u00e9rt alakul \u00edgy, m\u00e1r nem is tekint\u00fcnk r\u00e1 probl\u00e9mak\u00e9nt. Term\u00e9szetesen van olyan is, amikor enyh\u00edt\u00fcnk a jelent\u0151s\u00e9g\u00e9n, ez \u00e1ltal pedig elt\u0171nik az \u00e9let\u00fcnkb\u0151l.","og_url":"https:\/\/onmagad-melyen.eu\/de\/rolunk\/","og_site_name":"\u00d6nmagunk m\u00e9ly\u00e9n","article_publisher":"https:\/\/www.facebook.com\/profile.php?id=100075969904587","article_modified_time":"2023-04-16T20:50:33+00:00","og_image":[{"url":"http:\/\/onmagad-melyen.eu\/wp-content\/uploads\/2023\/04\/mi-1024x578.jpg","type":"","width":"","height":""}],"twitter_card":"summary_large_image","twitter_misc":{"Gesch\u00e4tzte Lesezeit":"2 Minuten"},"schema":{"@context":"https:\/\/schema.org","@graph":[{"@type":"WebPage","@id":"https:\/\/onmagad-melyen.eu\/rolunk\/","url":"https:\/\/onmagad-melyen.eu\/rolunk\/","name":"R\u00f3lunk - \u00d6nmagunk m\u00e9ly\u00e9n","isPartOf":{"@id":"https:\/\/onmagad-melyen.eu\/#website"},"primaryImageOfPage":{"@id":"https:\/\/onmagad-melyen.eu\/rolunk\/#primaryimage"},"image":{"@id":"https:\/\/onmagad-melyen.eu\/rolunk\/#primaryimage"},"thumbnailUrl":"http:\/\/onmagad-melyen.eu\/wp-content\/uploads\/2023\/04\/mi-1024x578.jpg","datePublished":"2023-04-16T20:02:46+00:00","dateModified":"2023-04-16T20:50:33+00:00","breadcrumb":{"@id":"https:\/\/onmagad-melyen.eu\/rolunk\/#breadcrumb"},"inLanguage":"de-AT","potentialAction":[{"@type":"ReadAction","target":["https:\/\/onmagad-melyen.eu\/rolunk\/"]}]},{"@type":"ImageObject","inLanguage":"de-AT","@id":"https:\/\/onmagad-melyen.eu\/rolunk\/#primaryimage","url":"http:\/\/onmagad-melyen.eu\/wp-content\/uploads\/2023\/04\/mi-1024x578.jpg","contentUrl":"http:\/\/onmagad-melyen.eu\/wp-content\/uploads\/2023\/04\/mi-1024x578.jpg"},{"@type":"BreadcrumbList","@id":"https:\/\/onmagad-melyen.eu\/rolunk\/#breadcrumb","itemListElement":[{"@type":"ListItem","position":1,"name":"Kezd\u0151lap","item":"https:\/\/onmagad-melyen.eu\/"},{"@type":"ListItem","position":2,"name":"R\u00f3lunk"}]},{"@type":"WebSite","@id":"https:\/\/onmagad-melyen.eu\/#website","url":"https:\/\/onmagad-melyen.eu\/","name":"Deep in my mind","description":"V\u00e1ltozzunk \u00e9s v\u00e1ltoztassunk egy\u00fctt...","publisher":{"@id":"https:\/\/onmagad-melyen.eu\/#organization"},"potentialAction":[{"@type":"SearchAction","target":{"@type":"EntryPoint","urlTemplate":"https:\/\/onmagad-melyen.eu\/?s={search_term_string}"},"query-input":{"@type":"PropertyValueSpecification","valueRequired":true,"valueName":"search_term_string"}}],"inLanguage":"de-AT"},{"@type":"Organization","@id":"https:\/\/onmagad-melyen.eu\/#organization","name":"Deep in my mind","url":"https:\/\/onmagad-melyen.eu\/","logo":{"@type":"ImageObject","inLanguage":"de-AT","@id":"https:\/\/onmagad-melyen.eu\/#\/schema\/logo\/image\/","url":"https:\/\/onmagad-melyen.eu\/wp-content\/uploads\/2026\/01\/logo.jpg","contentUrl":"https:\/\/onmagad-melyen.eu\/wp-content\/uploads\/2026\/01\/logo.jpg","width":200,"height":200,"caption":"\u00d6nmagunk m\u00e9ly\u00e9n"},"image":{"@id":"https:\/\/onmagad-melyen.eu\/#\/schema\/logo\/image\/"},"sameAs":["https:\/\/www.facebook.com\/profile.php?id=100075969904587","https:\/\/www.instagram.com\/onmagad_melyen\/","https:\/\/www.youtube.com\/channel\/UC34bvHwPDOMMgVM8R3VuyeA"]}]}},"_links":{"self":[{"href":"https:\/\/onmagad-melyen.eu\/de\/wp-json\/wp\/v2\/pages\/57","targetHints":{"allow":["GET"]}}],"collection":[{"href":"https:\/\/onmagad-melyen.eu\/de\/wp-json\/wp\/v2\/pages"}],"about":[{"href":"https:\/\/onmagad-melyen.eu\/de\/wp-json\/wp\/v2\/types\/page"}],"author":[{"embeddable":true,"href":"https:\/\/onmagad-melyen.eu\/de\/wp-json\/wp\/v2\/users\/1"}],"replies":[{"embeddable":true,"href":"https:\/\/onmagad-melyen.eu\/de\/wp-json\/wp\/v2\/comments?post=57"}],"version-history":[{"count":3,"href":"https:\/\/onmagad-melyen.eu\/de\/wp-json\/wp\/v2\/pages\/57\/revisions"}],"predecessor-version":[{"id":90,"href":"https:\/\/onmagad-melyen.eu\/de\/wp-json\/wp\/v2\/pages\/57\/revisions\/90"}],"wp:attachment":[{"href":"https:\/\/onmagad-melyen.eu\/de\/wp-json\/wp\/v2\/media?parent=57"}],"curies":[{"name":"wp","href":"https:\/\/api.w.org\/{rel}","templated":true}]}}