{"id":50,"date":"2023-04-16T19:55:39","date_gmt":"2023-04-16T19:55:39","guid":{"rendered":"http:\/\/onmagad-melyen.eu\/?page_id=50"},"modified":"2025-06-04T06:47:07","modified_gmt":"2025-06-04T06:47:07","slug":"udvozlunk-az-oldalunkon","status":"publish","type":"page","link":"https:\/\/onmagad-melyen.eu\/de\/","title":{"rendered":"Willkommen auf unserer Homepage!"},"content":{"rendered":"<div class=\"wp-block-group\"><div class=\"wp-block-group__inner-container is-layout-constrained wp-block-group-is-layout-constrained\"><\/div><\/div>\n\n\n<div class=\"wp-block-image\">\n<figure class=\"aligncenter size-full\"><img loading=\"lazy\" decoding=\"async\" width=\"960\" height=\"541\" src=\"http:\/\/onmagad-melyen.eu\/wp-content\/uploads\/2023\/12\/345603478_959874352022463_6473771910930076034_n.jpg\" alt=\"\" class=\"wp-image-394\" srcset=\"https:\/\/onmagad-melyen.eu\/wp-content\/uploads\/2023\/12\/345603478_959874352022463_6473771910930076034_n.jpg 960w, https:\/\/onmagad-melyen.eu\/wp-content\/uploads\/2023\/12\/345603478_959874352022463_6473771910930076034_n-300x169.jpg 300w, https:\/\/onmagad-melyen.eu\/wp-content\/uploads\/2023\/12\/345603478_959874352022463_6473771910930076034_n-768x433.jpg 768w, https:\/\/onmagad-melyen.eu\/wp-content\/uploads\/2023\/12\/345603478_959874352022463_6473771910930076034_n-18x10.jpg 18w\" sizes=\"auto, (max-width: 960px) 100vw, 960px\" \/><\/figure>\n<\/div>\n\n\n<p><\/p>\n\n\n\n<p><em>Hier findest du Informationen \u00fcber unsere spirituellen Dienstleistungen, die dir dabei helfen sollen, deine Probleme zu l\u00f6sen und dein Leben besser zu gestalten.<\/em><br><em>Wir verwenden eine Vielzahl von Methoden, darunter Pendeln, Tarot, Lebens- und Zeichenanalyse sowie Familienaufstellungen, um gemeinsam mit dir die Ursache deiner Probleme zu finden und L\u00f6sungen zu finden. Mit diesen Methoden kannst du dich besser verstehen und dein Leben auf eine positivere Art gestalten.\nWir sind Krisztina Szilagyi und Miklos Simon und wir haben die Erfahrung gemacht, dass die Dinge, die wir als negativ betrachten, oft zu unserem Lernprozess beitragen und dass wir durch eine Reduktion ihrer Bedeutung in der Lage sind, unsere Probleme zu l\u00f6sen oder sie angenehmer zu machen.<\/em><\/p>\n\n\n\n<p class=\"has-text-align-center\"><em><strong>Wenn du Hilfe brauchst, z\u00f6gere nicht, uns zu kontaktieren!<\/strong><\/em><\/p>\n\n\n<script>(function() {\n\twindow.mc4wp = window.mc4wp || {\n\t\tlisteners: [],\n\t\tforms: {\n\t\t\ton: function(evt, cb) {\n\t\t\t\twindow.mc4wp.listeners.push(\n\t\t\t\t\t{\n\t\t\t\t\t\tevent   : evt,\n\t\t\t\t\t\tcallback: cb\n\t\t\t\t\t}\n\t\t\t\t);\n\t\t\t}\n\t\t}\n\t}\n})();\n<\/script><!-- Mailchimp for WordPress v4.12.3 - https:\/\/wordpress.org\/plugins\/mailchimp-for-wp\/ --><form id=\"mc4wp-form-1\" class=\"mc4wp-form mc4wp-form-484\" method=\"post\" data-id=\"484\" data-name=\"\" action=\"\" ><div class=\"mc4wp-form-fields\"><p>\r\n    <label>Name<\/label>\r\n    <input type=\"text\" name=\"FNAME\">\r\n<\/p>\r\n<p>\r\n\t<label>E-mail \r\n\t\t<input type=\"email\" name=\"EMAIL\" placeholder=\"Ihre E-mail Adresse\" required \/>\r\n<p>\r\n  <\/label>\r\n\r\n\t<input type=\"submit\" value=\"Subcribe\"\r\n\r\n\" \/>\r\n<\/div><label style=\"display: none !important;\">Leave this field empty if you're human: <input type=\"text\" name=\"_mc4wp_honeypot\" value=\"\" tabindex=\"-1\" autocomplete=\"off\" \/><\/label><input type=\"hidden\" name=\"_mc4wp_timestamp\" value=\"1778159202\" \/><input type=\"hidden\" name=\"_mc4wp_form_id\" value=\"484\" \/><input type=\"hidden\" name=\"_mc4wp_form_element_id\" value=\"mc4wp-form-1\" \/><div class=\"mc4wp-response\"><\/div><input type=\"hidden\" name=\"trp-form-language\" value=\"de\"\/><\/form><!-- \/ Mailchimp for WordPress Plugin -->","protected":false},"excerpt":{"rendered":"<p>Az a t\u00e9ny, hogy \u00e9ppen itt vagy, semmik\u00e9ppen sem v\u00e9letlen! A Sors \u00fagy alak\u00edtotta (val\u00f3sz\u00edn\u0171leg egy s\u00falyos, vagy r\u00e9g elh\u00faz\u00f3d\u00f3 probl\u00e9ma form\u00e1j\u00e1ban), hogy most itt kell lenned!Oldalunk seg\u00edts\u00e9gny\u00fajt\u00e1s c\u00e9lj\u00e1b\u00f3l j\u00f6tt l\u00e9tre. Sz\u00e1mtalan spiritu\u00e1lis m\u00f3dszerrel dolgozunk, mint p\u00e9ld\u00e1ul inga, tarot, rajzteszt, kronobiol\u00f3gia, sorselemz\u00e9s. Ezek seg\u00edts\u00e9g\u00e9vel fel t\u00e1rjuk a probl\u00e9m\u00e1id, \u00e9s a legt\u00f6bb esetben ing\u00e1val vagy \u00f6nmag\u00e1val a felismer\u00e9s \u00e9rt\u00e9k\u00e9vel m\u00e1r sokat tudunk seg\u00edteni a megold\u00e1s\u00e1ban. Ezek a m\u00f3dszerek nem csak a megold\u00e1shoz seg\u00edtenek hozz\u00e1, hanem meg\u00e9rthetj\u00fck, hogy kik is vagyunk val\u00f3j\u00e1ban, mi a feladatunk ebben a vil\u00e1gban \u00e9s hogy k\u00fczdj\u00fck le a mindennapi neh\u00e9zs\u00e9geinket. Keress minket bizalommal!<\/p>","protected":false},"author":1,"featured_media":0,"parent":0,"menu_order":0,"comment_status":"closed","ping_status":"closed","template":"","meta":{"footnotes":""},"class_list":["post-50","page","type-page","status-publish","hentry"],"yoast_head":"<!-- This site is optimized with the Yoast SEO plugin v26.7 - https:\/\/yoast.com\/wordpress\/plugins\/seo\/ -->\n<title>\u00dcdv\u00f6zl\u00fcnk az oldalunkon! - \u00d6nmagunk m\u00e9ly\u00e9n<\/title>\n<meta name=\"robots\" content=\"index, follow, max-snippet:-1, max-image-preview:large, max-video-preview:-1\" \/>\n<link rel=\"canonical\" href=\"https:\/\/onmagad-melyen.eu\/de\/\" \/>\n<meta property=\"og:locale\" content=\"de_DE\" \/>\n<meta property=\"og:type\" content=\"article\" \/>\n<meta property=\"og:title\" content=\"\u00dcdv\u00f6zl\u00fcnk az oldalunkon! - \u00d6nmagunk m\u00e9ly\u00e9n\" \/>\n<meta property=\"og:description\" content=\"Az a t\u00e9ny, hogy \u00e9ppen itt vagy, semmik\u00e9ppen sem v\u00e9letlen! A Sors \u00fagy alak\u00edtotta (val\u00f3sz\u00edn\u0171leg egy s\u00falyos, vagy r\u00e9g elh\u00faz\u00f3d\u00f3 probl\u00e9ma form\u00e1j\u00e1ban), hogy most itt kell lenned!Oldalunk seg\u00edts\u00e9gny\u00fajt\u00e1s c\u00e9lj\u00e1b\u00f3l j\u00f6tt l\u00e9tre. Sz\u00e1mtalan spiritu\u00e1lis m\u00f3dszerrel dolgozunk, mint p\u00e9ld\u00e1ul inga, tarot, rajzteszt, kronobiol\u00f3gia, sorselemz\u00e9s. Ezek seg\u00edts\u00e9g\u00e9vel fel t\u00e1rjuk a probl\u00e9m\u00e1id, \u00e9s a legt\u00f6bb esetben ing\u00e1val vagy \u00f6nmag\u00e1val a felismer\u00e9s \u00e9rt\u00e9k\u00e9vel m\u00e1r sokat tudunk seg\u00edteni a megold\u00e1s\u00e1ban. Ezek a m\u00f3dszerek nem csak a megold\u00e1shoz seg\u00edtenek hozz\u00e1, hanem meg\u00e9rthetj\u00fck, hogy kik is vagyunk val\u00f3j\u00e1ban, mi a feladatunk ebben a vil\u00e1gban \u00e9s hogy k\u00fczdj\u00fck le a mindennapi neh\u00e9zs\u00e9geinket. Keress minket bizalommal!\" \/>\n<meta property=\"og:url\" content=\"https:\/\/onmagad-melyen.eu\/de\/\" \/>\n<meta property=\"og:site_name\" content=\"\u00d6nmagunk m\u00e9ly\u00e9n\" \/>\n<meta property=\"article:publisher\" content=\"https:\/\/www.facebook.com\/profile.php?id=100075969904587\" \/>\n<meta property=\"article:modified_time\" content=\"2025-06-04T06:47:07+00:00\" \/>\n<meta property=\"og:image\" content=\"http:\/\/onmagad-melyen.eu\/wp-content\/uploads\/2023\/12\/345603478_959874352022463_6473771910930076034_n.jpg\" \/>\n<meta name=\"twitter:card\" content=\"summary_large_image\" \/>\n<meta name=\"twitter:label1\" content=\"Gesch\u00e4tzte Lesezeit\" \/>\n\t<meta name=\"twitter:data1\" content=\"1 Minute\" \/>\n<script type=\"application\/ld+json\" class=\"yoast-schema-graph\">{\"@context\":\"https:\/\/schema.org\",\"@graph\":[{\"@type\":\"WebPage\",\"@id\":\"https:\/\/onmagad-melyen.eu\/\",\"url\":\"https:\/\/onmagad-melyen.eu\/\",\"name\":\"\u00dcdv\u00f6zl\u00fcnk az oldalunkon! - \u00d6nmagunk m\u00e9ly\u00e9n\",\"isPartOf\":{\"@id\":\"https:\/\/onmagad-melyen.eu\/#website\"},\"primaryImageOfPage\":{\"@id\":\"https:\/\/onmagad-melyen.eu\/#primaryimage\"},\"image\":{\"@id\":\"https:\/\/onmagad-melyen.eu\/#primaryimage\"},\"thumbnailUrl\":\"http:\/\/onmagad-melyen.eu\/wp-content\/uploads\/2023\/12\/345603478_959874352022463_6473771910930076034_n.jpg\",\"datePublished\":\"2023-04-16T19:55:39+00:00\",\"dateModified\":\"2025-06-04T06:47:07+00:00\",\"breadcrumb\":{\"@id\":\"https:\/\/onmagad-melyen.eu\/#breadcrumb\"},\"inLanguage\":\"de-AT\",\"potentialAction\":[{\"@type\":\"ReadAction\",\"target\":[\"https:\/\/onmagad-melyen.eu\/\"]}]},{\"@type\":\"ImageObject\",\"inLanguage\":\"de-AT\",\"@id\":\"https:\/\/onmagad-melyen.eu\/#primaryimage\",\"url\":\"http:\/\/onmagad-melyen.eu\/wp-content\/uploads\/2023\/12\/345603478_959874352022463_6473771910930076034_n.jpg\",\"contentUrl\":\"http:\/\/onmagad-melyen.eu\/wp-content\/uploads\/2023\/12\/345603478_959874352022463_6473771910930076034_n.jpg\"},{\"@type\":\"BreadcrumbList\",\"@id\":\"https:\/\/onmagad-melyen.eu\/#breadcrumb\",\"itemListElement\":[{\"@type\":\"ListItem\",\"position\":1,\"name\":\"Kezd\u0151lap\",\"item\":\"https:\/\/onmagad-melyen.eu\/\"},{\"@type\":\"ListItem\",\"position\":2,\"name\":\"\u00dcdv\u00f6zl\u00fcnk az oldalunkon!\"}]},{\"@type\":\"WebSite\",\"@id\":\"https:\/\/onmagad-melyen.eu\/#website\",\"url\":\"https:\/\/onmagad-melyen.eu\/\",\"name\":\"\u00d6nmagunk m\u00e9ly\u00e9n\",\"description\":\"V\u00e1ltozzunk \u00e9s v\u00e1ltoztassunk egy\u00fctt...\",\"publisher\":{\"@id\":\"https:\/\/onmagad-melyen.eu\/#organization\"},\"potentialAction\":[{\"@type\":\"SearchAction\",\"target\":{\"@type\":\"EntryPoint\",\"urlTemplate\":\"https:\/\/onmagad-melyen.eu\/?s={search_term_string}\"},\"query-input\":{\"@type\":\"PropertyValueSpecification\",\"valueRequired\":true,\"valueName\":\"search_term_string\"}}],\"inLanguage\":\"de-AT\"},{\"@type\":\"Organization\",\"@id\":\"https:\/\/onmagad-melyen.eu\/#organization\",\"name\":\"\u00d6nmagunk m\u00e9ly\u00e9n\",\"url\":\"https:\/\/onmagad-melyen.eu\/\",\"logo\":{\"@type\":\"ImageObject\",\"inLanguage\":\"de-AT\",\"@id\":\"https:\/\/onmagad-melyen.eu\/#\/schema\/logo\/image\/\",\"url\":\"https:\/\/onmagad-melyen.eu\/wp-content\/uploads\/2026\/01\/logo.jpg\",\"contentUrl\":\"https:\/\/onmagad-melyen.eu\/wp-content\/uploads\/2026\/01\/logo.jpg\",\"width\":200,\"height\":200,\"caption\":\"\u00d6nmagunk m\u00e9ly\u00e9n\"},\"image\":{\"@id\":\"https:\/\/onmagad-melyen.eu\/#\/schema\/logo\/image\/\"},\"sameAs\":[\"https:\/\/www.facebook.com\/profile.php?id=100075969904587\",\"https:\/\/www.instagram.com\/onmagad_melyen\/\",\"https:\/\/www.youtube.com\/channel\/UC34bvHwPDOMMgVM8R3VuyeA\"]}]}<\/script>\n<!-- \/ Yoast SEO plugin. -->","yoast_head_json":{"title":"\u00dcdv\u00f6zl\u00fcnk az oldalunkon! - \u00d6nmagunk m\u00e9ly\u00e9n","robots":{"index":"index","follow":"follow","max-snippet":"max-snippet:-1","max-image-preview":"max-image-preview:large","max-video-preview":"max-video-preview:-1"},"canonical":"https:\/\/onmagad-melyen.eu\/de\/","og_locale":"de_DE","og_type":"article","og_title":"\u00dcdv\u00f6zl\u00fcnk az oldalunkon! - \u00d6nmagunk m\u00e9ly\u00e9n","og_description":"Az a t\u00e9ny, hogy \u00e9ppen itt vagy, semmik\u00e9ppen sem v\u00e9letlen! A Sors \u00fagy alak\u00edtotta (val\u00f3sz\u00edn\u0171leg egy s\u00falyos, vagy r\u00e9g elh\u00faz\u00f3d\u00f3 probl\u00e9ma form\u00e1j\u00e1ban), hogy most itt kell lenned!Oldalunk seg\u00edts\u00e9gny\u00fajt\u00e1s c\u00e9lj\u00e1b\u00f3l j\u00f6tt l\u00e9tre. Sz\u00e1mtalan spiritu\u00e1lis m\u00f3dszerrel dolgozunk, mint p\u00e9ld\u00e1ul inga, tarot, rajzteszt, kronobiol\u00f3gia, sorselemz\u00e9s. Ezek seg\u00edts\u00e9g\u00e9vel fel t\u00e1rjuk a probl\u00e9m\u00e1id, \u00e9s a legt\u00f6bb esetben ing\u00e1val vagy \u00f6nmag\u00e1val a felismer\u00e9s \u00e9rt\u00e9k\u00e9vel m\u00e1r sokat tudunk seg\u00edteni a megold\u00e1s\u00e1ban. Ezek a m\u00f3dszerek nem csak a megold\u00e1shoz seg\u00edtenek hozz\u00e1, hanem meg\u00e9rthetj\u00fck, hogy kik is vagyunk val\u00f3j\u00e1ban, mi a feladatunk ebben a vil\u00e1gban \u00e9s hogy k\u00fczdj\u00fck le a mindennapi neh\u00e9zs\u00e9geinket. Keress minket bizalommal!","og_url":"https:\/\/onmagad-melyen.eu\/de\/","og_site_name":"\u00d6nmagunk m\u00e9ly\u00e9n","article_publisher":"https:\/\/www.facebook.com\/profile.php?id=100075969904587","article_modified_time":"2025-06-04T06:47:07+00:00","og_image":[{"url":"http:\/\/onmagad-melyen.eu\/wp-content\/uploads\/2023\/12\/345603478_959874352022463_6473771910930076034_n.jpg","type":"","width":"","height":""}],"twitter_card":"summary_large_image","twitter_misc":{"Gesch\u00e4tzte Lesezeit":"1 Minute"},"schema":{"@context":"https:\/\/schema.org","@graph":[{"@type":"WebPage","@id":"https:\/\/onmagad-melyen.eu\/","url":"https:\/\/onmagad-melyen.eu\/","name":"\u00dcdv\u00f6zl\u00fcnk az oldalunkon! - \u00d6nmagunk m\u00e9ly\u00e9n","isPartOf":{"@id":"https:\/\/onmagad-melyen.eu\/#website"},"primaryImageOfPage":{"@id":"https:\/\/onmagad-melyen.eu\/#primaryimage"},"image":{"@id":"https:\/\/onmagad-melyen.eu\/#primaryimage"},"thumbnailUrl":"http:\/\/onmagad-melyen.eu\/wp-content\/uploads\/2023\/12\/345603478_959874352022463_6473771910930076034_n.jpg","datePublished":"2023-04-16T19:55:39+00:00","dateModified":"2025-06-04T06:47:07+00:00","breadcrumb":{"@id":"https:\/\/onmagad-melyen.eu\/#breadcrumb"},"inLanguage":"de-AT","potentialAction":[{"@type":"ReadAction","target":["https:\/\/onmagad-melyen.eu\/"]}]},{"@type":"ImageObject","inLanguage":"de-AT","@id":"https:\/\/onmagad-melyen.eu\/#primaryimage","url":"http:\/\/onmagad-melyen.eu\/wp-content\/uploads\/2023\/12\/345603478_959874352022463_6473771910930076034_n.jpg","contentUrl":"http:\/\/onmagad-melyen.eu\/wp-content\/uploads\/2023\/12\/345603478_959874352022463_6473771910930076034_n.jpg"},{"@type":"BreadcrumbList","@id":"https:\/\/onmagad-melyen.eu\/#breadcrumb","itemListElement":[{"@type":"ListItem","position":1,"name":"Kezd\u0151lap","item":"https:\/\/onmagad-melyen.eu\/"},{"@type":"ListItem","position":2,"name":"\u00dcdv\u00f6zl\u00fcnk az oldalunkon!"}]},{"@type":"WebSite","@id":"https:\/\/onmagad-melyen.eu\/#website","url":"https:\/\/onmagad-melyen.eu\/","name":"Deep in my mind","description":"V\u00e1ltozzunk \u00e9s v\u00e1ltoztassunk egy\u00fctt...","publisher":{"@id":"https:\/\/onmagad-melyen.eu\/#organization"},"potentialAction":[{"@type":"SearchAction","target":{"@type":"EntryPoint","urlTemplate":"https:\/\/onmagad-melyen.eu\/?s={search_term_string}"},"query-input":{"@type":"PropertyValueSpecification","valueRequired":true,"valueName":"search_term_string"}}],"inLanguage":"de-AT"},{"@type":"Organization","@id":"https:\/\/onmagad-melyen.eu\/#organization","name":"Deep in my mind","url":"https:\/\/onmagad-melyen.eu\/","logo":{"@type":"ImageObject","inLanguage":"de-AT","@id":"https:\/\/onmagad-melyen.eu\/#\/schema\/logo\/image\/","url":"https:\/\/onmagad-melyen.eu\/wp-content\/uploads\/2026\/01\/logo.jpg","contentUrl":"https:\/\/onmagad-melyen.eu\/wp-content\/uploads\/2026\/01\/logo.jpg","width":200,"height":200,"caption":"\u00d6nmagunk m\u00e9ly\u00e9n"},"image":{"@id":"https:\/\/onmagad-melyen.eu\/#\/schema\/logo\/image\/"},"sameAs":["https:\/\/www.facebook.com\/profile.php?id=100075969904587","https:\/\/www.instagram.com\/onmagad_melyen\/","https:\/\/www.youtube.com\/channel\/UC34bvHwPDOMMgVM8R3VuyeA"]}]}},"_links":{"self":[{"href":"https:\/\/onmagad-melyen.eu\/de\/wp-json\/wp\/v2\/pages\/50","targetHints":{"allow":["GET"]}}],"collection":[{"href":"https:\/\/onmagad-melyen.eu\/de\/wp-json\/wp\/v2\/pages"}],"about":[{"href":"https:\/\/onmagad-melyen.eu\/de\/wp-json\/wp\/v2\/types\/page"}],"author":[{"embeddable":true,"href":"https:\/\/onmagad-melyen.eu\/de\/wp-json\/wp\/v2\/users\/1"}],"replies":[{"embeddable":true,"href":"https:\/\/onmagad-melyen.eu\/de\/wp-json\/wp\/v2\/comments?post=50"}],"version-history":[{"count":20,"href":"https:\/\/onmagad-melyen.eu\/de\/wp-json\/wp\/v2\/pages\/50\/revisions"}],"predecessor-version":[{"id":756,"href":"https:\/\/onmagad-melyen.eu\/de\/wp-json\/wp\/v2\/pages\/50\/revisions\/756"}],"wp:attachment":[{"href":"https:\/\/onmagad-melyen.eu\/de\/wp-json\/wp\/v2\/media?parent=50"}],"curies":[{"name":"wp","href":"https:\/\/api.w.org\/{rel}","templated":true}]}}