{"id":492,"date":"2024-06-04T20:00:19","date_gmt":"2024-06-04T20:00:19","guid":{"rendered":"http:\/\/onmagad-melyen.eu\/event-directory\/"},"modified":"2024-06-04T20:11:52","modified_gmt":"2024-06-04T20:11:52","slug":"event-directory","status":"publish","type":"page","link":"https:\/\/onmagad-melyen.eu\/de\/event-directory\/","title":{"rendered":"Events"},"content":{"rendered":"<!-- EventON Calendar --><div id='evcal_calendar_504' class='ajde_evcal_calendar sev cev color esty_2 etttc_custom ajax_loading_cal' ><div id='evcal_head' class='calendar_header' ><div class='evo_cal_above'><span class='evo-gototoday-btn evo_hide' style='display:none;' data-mo='5' data-yr='2026' data-dy=''>Current Month<\/span><span class='evo-sort-btn'><div class='eventon_sort_line' style='display:none'><p data-val='sort_date' data-type='date' class='evs_btn evo_sort_option evs_hide select' >Date<\/p><\/div><\/span><\/div><div class='evo_cal_above_content'><\/div><div class='evo_header_title'><p id='evcal_cur' class='evo_month_title'> M\u00e1jus, 2026<\/p><p class='evo_arrows'>\n\t\t\t\t\t<span id='evcal_prev' class='evcal_arrows evcal_btn_prev evodfx evofx_jc_c evofx_ai_c'><i class='fa fa-chevron-left'><\/i><\/span>\n\t\t\t\t\t<span id='evcal_next' class='evcal_arrows evo_arrow_next evcal_btn_next evodfx evofx_jc_c evofx_ai_c'><i class='fa fa-chevron-right'><\/i><\/span>\n\t\t\t\t\t<\/p><\/div><\/div><div class='eventon_sorting_section' style='display:none'><div class='eventon_filter_line'><\/div><div class='clear'><\/div><\/div><div id='eventon_loadbar_section'><div id='eventon_loadbar'><\/div><\/div><div class='evo_ajax_load_events'><span><\/span><span><\/span><span><\/span><\/div><!-- Events List --><div id='evcal_list' \n\t\t\t\t\tclass='eventon_events_list'>\t\t\t<div class='clear'><\/div>\n\t\t\t<\/div>\n\t\t\t<div class='clear'><\/div>\n\t\t\t\n\t\t\t\t\t \t<div id='evcal_footer' class='evo_bottom' style='display:none'>\n\t\t \t\t<div class='evo_cal_data' data-sc='{&quot;accord&quot;:&quot;no&quot;,&quot;bottom_nav&quot;:&quot;no&quot;,&quot;cal_id&quot;:&quot;&quot;,&quot;cal_init_nonajax&quot;:&quot;no&quot;,&quot;calendar_type&quot;:&quot;default&quot;,&quot;ep_fields&quot;:&quot;&quot;,&quot;etc_override&quot;:&quot;no&quot;,&quot;evc_open&quot;:&quot;yes&quot;,&quot;event_count&quot;:0,&quot;event_location&quot;:&quot;all&quot;,&quot;event_order&quot;:&quot;ASC&quot;,&quot;event_organizer&quot;:&quot;all&quot;,&quot;event_parts&quot;:&quot;no&quot;,&quot;event_past_future&quot;:&quot;all&quot;,&quot;event_status&quot;:&quot;all&quot;,&quot;event_tag&quot;:&quot;all&quot;,&quot;event_type&quot;:&quot;all&quot;,&quot;event_type_2&quot;:&quot;all&quot;,&quot;event_virtual&quot;:&quot;all&quot;,&quot;eventtop_date_style&quot;:0,&quot;eventtop_style&quot;:&quot;2&quot;,&quot;exp_jumper&quot;:&quot;no&quot;,&quot;exp_so&quot;:&quot;no&quot;,&quot;filter_relationship&quot;:&quot;AND&quot;,&quot;filter_show_set_only&quot;:&quot;no&quot;,&quot;filter_type&quot;:&quot;default&quot;,&quot;filters&quot;:&quot;yes&quot;,&quot;fixed_month&quot;:&quot;5&quot;,&quot;fixed_year&quot;:&quot;2026&quot;,&quot;focus_end_date_range&quot;:&quot;1780264799&quot;,&quot;focus_start_date_range&quot;:&quot;1777586400&quot;,&quot;ft_event_priority&quot;:&quot;no&quot;,&quot;hide_arrows&quot;:&quot;no&quot;,&quot;hide_cancels&quot;:&quot;no&quot;,&quot;hide_empty_months&quot;:&quot;no&quot;,&quot;hide_end_time&quot;:&quot;no&quot;,&quot;hide_et_dn&quot;:&quot;no&quot;,&quot;hide_et_extra&quot;:&quot;no&quot;,&quot;hide_et_tags&quot;:&quot;no&quot;,&quot;hide_et_tl&quot;:&quot;no&quot;,&quot;hide_ft&quot;:&quot;no&quot;,&quot;hide_ft_img&quot;:&quot;no&quot;,&quot;hide_month_headers&quot;:&quot;no&quot;,&quot;hide_mult_occur&quot;:&quot;no&quot;,&quot;hide_past&quot;:&quot;no&quot;,&quot;hide_past_by&quot;:&quot;ee&quot;,&quot;hide_so&quot;:&quot;no&quot;,&quot;ics&quot;:&quot;no&quot;,&quot;jumper&quot;:&quot;no&quot;,&quot;jumper_count&quot;:5,&quot;jumper_offset&quot;:&quot;0&quot;,&quot;lang&quot;:&quot;L1&quot;,&quot;layout_changer&quot;:&quot;no&quot;,&quot;livenow_bar&quot;:&quot;yes&quot;,&quot;mapformat&quot;:&quot;roadmap&quot;,&quot;mapiconurl&quot;:&quot;&quot;,&quot;maps_load&quot;:&quot;yes&quot;,&quot;mapscroll&quot;:&quot;true&quot;,&quot;mapzoom&quot;:&quot;18&quot;,&quot;members_only&quot;:&quot;no&quot;,&quot;ml_priority&quot;:&quot;no&quot;,&quot;month_incre&quot;:0,&quot;number_of_months&quot;:&quot;1&quot;,&quot;only_ft&quot;:&quot;no&quot;,&quot;pec&quot;:&quot;&quot;,&quot;s&quot;:&quot;&quot;,&quot;search&quot;:&quot;&quot;,&quot;search_all&quot;:&quot;no&quot;,&quot;sep_month&quot;:&quot;no&quot;,&quot;show_et_ft_img&quot;:&quot;no&quot;,&quot;show_limit&quot;:&quot;no&quot;,&quot;show_limit_ajax&quot;:&quot;no&quot;,&quot;show_limit_paged&quot;:1,&quot;show_limit_redir&quot;:&quot;&quot;,&quot;show_repeats&quot;:&quot;no&quot;,&quot;show_upcoming&quot;:0,&quot;show_year&quot;:&quot;no&quot;,&quot;social_share&quot;:&quot;no&quot;,&quot;sort_by&quot;:&quot;sort_date&quot;,&quot;tile_bg&quot;:0,&quot;tile_bg_size&quot;:&quot;full&quot;,&quot;tile_count&quot;:2,&quot;tile_height&quot;:0,&quot;tile_style&quot;:0,&quot;tiles&quot;:&quot;no&quot;,&quot;ux_val&quot;:&quot;0&quot;,&quot;wpml_l1&quot;:&quot;&quot;,&quot;wpml_l2&quot;:&quot;&quot;,&quot;wpml_l3&quot;:&quot;&quot;,&quot;yl_priority&quot;:&quot;no&quot;,&quot;fixed_day&quot;:&quot;7&quot;,&quot;_cver&quot;:&quot;2.5.3&quot;}'data-od='{&quot;lang_no_events&quot;:&quot;Nincs esem\\u00e9ny&quot;,&quot;cal_tz_offset&quot;:120,&quot;cal_tz&quot;:&quot;Europe\\\/Budapest&quot;}'><\/div>\n\t\t \t\t<div class='evo_cal_events' data-events=\"\"><\/div>\n\t\t \t<\/div>\n\t\t\t\t\n\t\t\t\n\t\t\t\n\t\t\t\t\t\t<\/div><!-- EventON End -->","protected":false},"excerpt":{"rendered":"","protected":false},"author":1,"featured_media":0,"parent":0,"menu_order":0,"comment_status":"closed","ping_status":"closed","template":"","meta":{"footnotes":""},"class_list":["post-492","page","type-page","status-publish","hentry"],"yoast_head":"<!-- This site is optimized with the Yoast SEO plugin v26.7 - https:\/\/yoast.com\/wordpress\/plugins\/seo\/ -->\n<title>Esem\u00e9nyeink - \u00d6nmagunk m\u00e9ly\u00e9n<\/title>\n<meta name=\"robots\" content=\"index, follow, max-snippet:-1, max-image-preview:large, max-video-preview:-1\" \/>\n<link rel=\"canonical\" href=\"https:\/\/onmagad-melyen.eu\/de\/event-directory\/\" \/>\n<meta property=\"og:locale\" content=\"de_DE\" \/>\n<meta property=\"og:type\" content=\"article\" \/>\n<meta property=\"og:title\" content=\"Esem\u00e9nyeink - \u00d6nmagunk m\u00e9ly\u00e9n\" \/>\n<meta property=\"og:url\" content=\"https:\/\/onmagad-melyen.eu\/de\/event-directory\/\" \/>\n<meta property=\"og:site_name\" content=\"\u00d6nmagunk m\u00e9ly\u00e9n\" \/>\n<meta property=\"article:publisher\" content=\"https:\/\/www.facebook.com\/profile.php?id=100075969904587\" \/>\n<meta property=\"article:modified_time\" content=\"2024-06-04T20:11:52+00:00\" \/>\n<meta name=\"twitter:card\" content=\"summary_large_image\" \/>\n<script type=\"application\/ld+json\" class=\"yoast-schema-graph\">{\"@context\":\"https:\/\/schema.org\",\"@graph\":[{\"@type\":\"WebPage\",\"@id\":\"https:\/\/onmagad-melyen.eu\/event-directory\/\",\"url\":\"https:\/\/onmagad-melyen.eu\/event-directory\/\",\"name\":\"Esem\u00e9nyeink - \u00d6nmagunk m\u00e9ly\u00e9n\",\"isPartOf\":{\"@id\":\"https:\/\/onmagad-melyen.eu\/#website\"},\"datePublished\":\"2024-06-04T20:00:19+00:00\",\"dateModified\":\"2024-06-04T20:11:52+00:00\",\"breadcrumb\":{\"@id\":\"https:\/\/onmagad-melyen.eu\/event-directory\/#breadcrumb\"},\"inLanguage\":\"de-AT\",\"potentialAction\":[{\"@type\":\"ReadAction\",\"target\":[\"https:\/\/onmagad-melyen.eu\/event-directory\/\"]}]},{\"@type\":\"BreadcrumbList\",\"@id\":\"https:\/\/onmagad-melyen.eu\/event-directory\/#breadcrumb\",\"itemListElement\":[{\"@type\":\"ListItem\",\"position\":1,\"name\":\"Kezd\u0151lap\",\"item\":\"https:\/\/onmagad-melyen.eu\/\"},{\"@type\":\"ListItem\",\"position\":2,\"name\":\"Esem\u00e9nyeink\"}]},{\"@type\":\"WebSite\",\"@id\":\"https:\/\/onmagad-melyen.eu\/#website\",\"url\":\"https:\/\/onmagad-melyen.eu\/\",\"name\":\"\u00d6nmagunk m\u00e9ly\u00e9n\",\"description\":\"V\u00e1ltozzunk \u00e9s v\u00e1ltoztassunk egy\u00fctt...\",\"publisher\":{\"@id\":\"https:\/\/onmagad-melyen.eu\/#organization\"},\"potentialAction\":[{\"@type\":\"SearchAction\",\"target\":{\"@type\":\"EntryPoint\",\"urlTemplate\":\"https:\/\/onmagad-melyen.eu\/?s={search_term_string}\"},\"query-input\":{\"@type\":\"PropertyValueSpecification\",\"valueRequired\":true,\"valueName\":\"search_term_string\"}}],\"inLanguage\":\"de-AT\"},{\"@type\":\"Organization\",\"@id\":\"https:\/\/onmagad-melyen.eu\/#organization\",\"name\":\"\u00d6nmagunk m\u00e9ly\u00e9n\",\"url\":\"https:\/\/onmagad-melyen.eu\/\",\"logo\":{\"@type\":\"ImageObject\",\"inLanguage\":\"de-AT\",\"@id\":\"https:\/\/onmagad-melyen.eu\/#\/schema\/logo\/image\/\",\"url\":\"https:\/\/onmagad-melyen.eu\/wp-content\/uploads\/2026\/01\/logo.jpg\",\"contentUrl\":\"https:\/\/onmagad-melyen.eu\/wp-content\/uploads\/2026\/01\/logo.jpg\",\"width\":200,\"height\":200,\"caption\":\"\u00d6nmagunk m\u00e9ly\u00e9n\"},\"image\":{\"@id\":\"https:\/\/onmagad-melyen.eu\/#\/schema\/logo\/image\/\"},\"sameAs\":[\"https:\/\/www.facebook.com\/profile.php?id=100075969904587\",\"https:\/\/www.instagram.com\/onmagad_melyen\/\",\"https:\/\/www.youtube.com\/channel\/UC34bvHwPDOMMgVM8R3VuyeA\"]}]}<\/script>\n<!-- \/ Yoast SEO plugin. -->","yoast_head_json":{"title":"Esem\u00e9nyeink - \u00d6nmagunk m\u00e9ly\u00e9n","robots":{"index":"index","follow":"follow","max-snippet":"max-snippet:-1","max-image-preview":"max-image-preview:large","max-video-preview":"max-video-preview:-1"},"canonical":"https:\/\/onmagad-melyen.eu\/de\/event-directory\/","og_locale":"de_DE","og_type":"article","og_title":"Esem\u00e9nyeink - \u00d6nmagunk m\u00e9ly\u00e9n","og_url":"https:\/\/onmagad-melyen.eu\/de\/event-directory\/","og_site_name":"\u00d6nmagunk m\u00e9ly\u00e9n","article_publisher":"https:\/\/www.facebook.com\/profile.php?id=100075969904587","article_modified_time":"2024-06-04T20:11:52+00:00","twitter_card":"summary_large_image","schema":{"@context":"https:\/\/schema.org","@graph":[{"@type":"WebPage","@id":"https:\/\/onmagad-melyen.eu\/event-directory\/","url":"https:\/\/onmagad-melyen.eu\/event-directory\/","name":"Esem\u00e9nyeink - \u00d6nmagunk m\u00e9ly\u00e9n","isPartOf":{"@id":"https:\/\/onmagad-melyen.eu\/#website"},"datePublished":"2024-06-04T20:00:19+00:00","dateModified":"2024-06-04T20:11:52+00:00","breadcrumb":{"@id":"https:\/\/onmagad-melyen.eu\/event-directory\/#breadcrumb"},"inLanguage":"de-AT","potentialAction":[{"@type":"ReadAction","target":["https:\/\/onmagad-melyen.eu\/event-directory\/"]}]},{"@type":"BreadcrumbList","@id":"https:\/\/onmagad-melyen.eu\/event-directory\/#breadcrumb","itemListElement":[{"@type":"ListItem","position":1,"name":"Kezd\u0151lap","item":"https:\/\/onmagad-melyen.eu\/"},{"@type":"ListItem","position":2,"name":"Esem\u00e9nyeink"}]},{"@type":"WebSite","@id":"https:\/\/onmagad-melyen.eu\/#website","url":"https:\/\/onmagad-melyen.eu\/","name":"Deep in my mind","description":"V\u00e1ltozzunk \u00e9s v\u00e1ltoztassunk egy\u00fctt...","publisher":{"@id":"https:\/\/onmagad-melyen.eu\/#organization"},"potentialAction":[{"@type":"SearchAction","target":{"@type":"EntryPoint","urlTemplate":"https:\/\/onmagad-melyen.eu\/?s={search_term_string}"},"query-input":{"@type":"PropertyValueSpecification","valueRequired":true,"valueName":"search_term_string"}}],"inLanguage":"de-AT"},{"@type":"Organization","@id":"https:\/\/onmagad-melyen.eu\/#organization","name":"Deep in my mind","url":"https:\/\/onmagad-melyen.eu\/","logo":{"@type":"ImageObject","inLanguage":"de-AT","@id":"https:\/\/onmagad-melyen.eu\/#\/schema\/logo\/image\/","url":"https:\/\/onmagad-melyen.eu\/wp-content\/uploads\/2026\/01\/logo.jpg","contentUrl":"https:\/\/onmagad-melyen.eu\/wp-content\/uploads\/2026\/01\/logo.jpg","width":200,"height":200,"caption":"\u00d6nmagunk m\u00e9ly\u00e9n"},"image":{"@id":"https:\/\/onmagad-melyen.eu\/#\/schema\/logo\/image\/"},"sameAs":["https:\/\/www.facebook.com\/profile.php?id=100075969904587","https:\/\/www.instagram.com\/onmagad_melyen\/","https:\/\/www.youtube.com\/channel\/UC34bvHwPDOMMgVM8R3VuyeA"]}]}},"_links":{"self":[{"href":"https:\/\/onmagad-melyen.eu\/de\/wp-json\/wp\/v2\/pages\/492","targetHints":{"allow":["GET"]}}],"collection":[{"href":"https:\/\/onmagad-melyen.eu\/de\/wp-json\/wp\/v2\/pages"}],"about":[{"href":"https:\/\/onmagad-melyen.eu\/de\/wp-json\/wp\/v2\/types\/page"}],"author":[{"embeddable":true,"href":"https:\/\/onmagad-melyen.eu\/de\/wp-json\/wp\/v2\/users\/1"}],"replies":[{"embeddable":true,"href":"https:\/\/onmagad-melyen.eu\/de\/wp-json\/wp\/v2\/comments?post=492"}],"version-history":[{"count":1,"href":"https:\/\/onmagad-melyen.eu\/de\/wp-json\/wp\/v2\/pages\/492\/revisions"}],"predecessor-version":[{"id":494,"href":"https:\/\/onmagad-melyen.eu\/de\/wp-json\/wp\/v2\/pages\/492\/revisions\/494"}],"wp:attachment":[{"href":"https:\/\/onmagad-melyen.eu\/de\/wp-json\/wp\/v2\/media?parent=492"}],"curies":[{"name":"wp","href":"https:\/\/api.w.org\/{rel}","templated":true}]}}