{"id":403,"date":"2023-12-16T20:37:50","date_gmt":"2023-12-16T20:37:50","guid":{"rendered":"http:\/\/onmagad-melyen.eu\/?page_id=403"},"modified":"2024-10-02T22:21:06","modified_gmt":"2024-10-02T22:21:06","slug":"oket-tamogatjuk","status":"publish","type":"page","link":"https:\/\/onmagad-melyen.eu\/de\/oket-tamogatjuk\/","title":{"rendered":"Sie sind von uns unterst\u00fctzt"},"content":{"rendered":"<div class=\"wp-block-image\">\n<figure class=\"aligncenter size-large is-resized\"><img loading=\"lazy\" decoding=\"async\" width=\"1024\" height=\"538\" src=\"http:\/\/onmagad-melyen.eu\/wp-content\/uploads\/2023\/12\/helpger.png\" alt=\"\" class=\"wp-image-407\" style=\"width:541px;height:auto\" srcset=\"https:\/\/onmagad-melyen.eu\/wp-content\/uploads\/2023\/12\/helpger.png 1200w, https:\/\/onmagad-melyen.eu\/wp-content\/uploads\/2023\/12\/helpger-300x158.png 300w, https:\/\/onmagad-melyen.eu\/wp-content\/uploads\/2023\/12\/helpger-1024x538.png 1024w, https:\/\/onmagad-melyen.eu\/wp-content\/uploads\/2023\/12\/helpger-768x403.png 768w, https:\/\/onmagad-melyen.eu\/wp-content\/uploads\/2023\/12\/helpger-18x9.png 18w, https:\/\/onmagad-melyen.eu\/wp-content\/uploads\/2023\/12\/helpger-1140x599.png 1140w\" sizes=\"auto, (max-width: 1024px) 100vw, 1024px\" \/><\/figure>\n<\/div>\n\n\n<p><\/p>\n\n\n\n<p id=\"block-0d74d823-4cc2-4f50-b704-ccacf1a5cdfb\">Auf dieser Seite k\u00f6nnt ihr die Menschen und ihre Kontaktdaten sehen, die wir mit unseren Einnahmen unterst\u00fctzen. Wir glauben daran, dass gro\u00dfe Ver\u00e4nderungen mit kleinen Schritten beginnen, und wir wissen, dass Liebe und Aufmerksamkeit f\u00fcreinander ein Teil unseres Lebens sein sollten.<\/p>\n\n\n\n<p id=\"block-28d8c647-07bd-45e9-8c5f-56e9e4591628\">Wir bitten euch, dass ihr, wenn es m\u00f6glich ist, ihnen auf irgendeine Weise helft! Manchmal gen\u00fcgt schon ein freundliches Wort oder das Teilen ihrer Geschichten!<\/p>\n\n\n\n<hr class=\"wp-block-separator has-alpha-channel-opacity\"\/>\n\n\n\n<p><strong><em>Tomika hat es schon geschafft! Nat\u00fcrlich kannst du ihn weiterhin unterst\u00fctzen!<\/em><\/strong><\/p>\n\n\n\n<figure class=\"wp-block-image size-full is-resized\"><img loading=\"lazy\" decoding=\"async\" width=\"940\" height=\"788\" src=\"http:\/\/onmagad-melyen.eu\/wp-content\/uploads\/2024\/10\/Nevtelen-terv.png\" alt=\"\" class=\"wp-image-533\" style=\"width:234px;height:auto\" srcset=\"https:\/\/onmagad-melyen.eu\/wp-content\/uploads\/2024\/10\/Nevtelen-terv.png 940w, https:\/\/onmagad-melyen.eu\/wp-content\/uploads\/2024\/10\/Nevtelen-terv-300x251.png 300w, https:\/\/onmagad-melyen.eu\/wp-content\/uploads\/2024\/10\/Nevtelen-terv-768x644.png 768w, https:\/\/onmagad-melyen.eu\/wp-content\/uploads\/2024\/10\/Nevtelen-terv-14x12.png 14w\" sizes=\"auto, (max-width: 940px) 100vw, 940px\" \/><\/figure>\n\n\n\n<p><\/p>\n\n\n\n<div class=\"wp-block-buttons is-layout-flex wp-block-buttons-is-layout-flex\">\n<div class=\"wp-block-button\"><a class=\"wp-block-button__link wp-element-button\" href=\"https:\/\/egyuttgalotomikaert.hu\/\">Ich m\u00f6chte helfen!<\/a><\/div>\n<\/div>\n\n\n\n<hr class=\"wp-block-separator has-alpha-channel-opacity\"\/>\n\n\n\n<p><strong><em>Lasst uns Beni retten! Wir zeigen ihm, dass auch er es schaffen kann!<\/em><\/strong><\/p>\n\n\n\n<figure class=\"wp-block-image size-full is-resized\"><a href=\"https:\/\/mentsukmegbenit.hu\/\"><img loading=\"lazy\" decoding=\"async\" width=\"200\" height=\"200\" src=\"http:\/\/onmagad-melyen.eu\/wp-content\/uploads\/2024\/10\/429865091_10232162342419934_8321287340969063800_n.jpg\" alt=\"\" class=\"wp-image-529\" style=\"width:234px;height:auto\" srcset=\"https:\/\/onmagad-melyen.eu\/wp-content\/uploads\/2024\/10\/429865091_10232162342419934_8321287340969063800_n.jpg 200w, https:\/\/onmagad-melyen.eu\/wp-content\/uploads\/2024\/10\/429865091_10232162342419934_8321287340969063800_n-150x150.jpg 150w, https:\/\/onmagad-melyen.eu\/wp-content\/uploads\/2024\/10\/429865091_10232162342419934_8321287340969063800_n-12x12.jpg 12w, https:\/\/onmagad-melyen.eu\/wp-content\/uploads\/2024\/10\/429865091_10232162342419934_8321287340969063800_n-75x75.jpg 75w\" sizes=\"auto, (max-width: 200px) 100vw, 200px\" \/><\/a><\/figure>\n\n\n\n<p><\/p>\n\n\n\n<div class=\"wp-block-buttons is-layout-flex wp-block-buttons-is-layout-flex\">\n<div class=\"wp-block-button\"><a class=\"wp-block-button__link wp-element-button\" href=\"https:\/\/mentsukmegbenit.hu\/\">Ich m\u00f6chte helfen!<\/a><\/div>\n<\/div>","protected":false},"excerpt":{"rendered":"<p>Ezen az oldalon azokat az embereket \u00e9s el\u00e9rhet\u0151s\u00e9geiket l\u00e1thatj\u00e1tok, akiket bev\u00e9tel\u00fcnkb\u0151l t\u00e1mogatunk. Hisz\u00fcnk benne, hogy a nagy v\u00e1ltoz\u00e1sok is kis l\u00e9p\u00e9sekkel indulnak \u00e9s tudjuk, hogy a szeretet \u00e9s az odafigyel\u00e9s a m\u00e1sikra \u00e9let\u00fcnk r\u00e9sze kell hogy legyen. K\u00e9r\u00fcnk Titeket, hogy ha m\u00f3dotokban \u00e1ll, akkor seg\u00edtsetek nekik valamilyen m\u00f3don! N\u00e9ha egy kedves sz\u00f3 vagy egy megoszt\u00e1s is el\u00e9g!! Tomik\u00e1nak m\u00e1r siker\u00fclt! Term\u00e9szetesen tov\u00e1bbra is t\u00e1mogathatod! Ments\u00fck meg Benit! Megmutatjuk, hogy neki is siker\u00fclhet!<\/p>","protected":false},"author":1,"featured_media":0,"parent":0,"menu_order":0,"comment_status":"closed","ping_status":"closed","template":"","meta":{"footnotes":""},"class_list":["post-403","page","type-page","status-publish","hentry"],"yoast_head":"<!-- This site is optimized with the Yoast SEO plugin v26.7 - https:\/\/yoast.com\/wordpress\/plugins\/seo\/ -->\n<title>\u0150ket t\u00e1mogatjuk - \u00d6nmagunk m\u00e9ly\u00e9n<\/title>\n<meta name=\"robots\" content=\"index, follow, max-snippet:-1, max-image-preview:large, max-video-preview:-1\" \/>\n<link rel=\"canonical\" href=\"https:\/\/onmagad-melyen.eu\/de\/oket-tamogatjuk\/\" \/>\n<meta property=\"og:locale\" content=\"de_DE\" \/>\n<meta property=\"og:type\" content=\"article\" \/>\n<meta property=\"og:title\" content=\"\u0150ket t\u00e1mogatjuk - \u00d6nmagunk m\u00e9ly\u00e9n\" \/>\n<meta property=\"og:description\" content=\"Ezen az oldalon azokat az embereket \u00e9s el\u00e9rhet\u0151s\u00e9geiket l\u00e1thatj\u00e1tok, akiket bev\u00e9tel\u00fcnkb\u0151l t\u00e1mogatunk. Hisz\u00fcnk benne, hogy a nagy v\u00e1ltoz\u00e1sok is kis l\u00e9p\u00e9sekkel indulnak \u00e9s tudjuk, hogy a szeretet \u00e9s az odafigyel\u00e9s a m\u00e1sikra \u00e9let\u00fcnk r\u00e9sze kell hogy legyen. K\u00e9r\u00fcnk Titeket, hogy ha m\u00f3dotokban \u00e1ll, akkor seg\u00edtsetek nekik valamilyen m\u00f3don! N\u00e9ha egy kedves sz\u00f3 vagy egy megoszt\u00e1s is el\u00e9g!! Tomik\u00e1nak m\u00e1r siker\u00fclt! Term\u00e9szetesen tov\u00e1bbra is t\u00e1mogathatod! Ments\u00fck meg Benit! Megmutatjuk, hogy neki is siker\u00fclhet!\" \/>\n<meta property=\"og:url\" content=\"https:\/\/onmagad-melyen.eu\/de\/oket-tamogatjuk\/\" \/>\n<meta property=\"og:site_name\" content=\"\u00d6nmagunk m\u00e9ly\u00e9n\" \/>\n<meta property=\"article:publisher\" content=\"https:\/\/www.facebook.com\/profile.php?id=100075969904587\" \/>\n<meta property=\"article:modified_time\" content=\"2024-10-02T22:21:06+00:00\" \/>\n<meta property=\"og:image\" content=\"http:\/\/onmagad-melyen.eu\/wp-content\/uploads\/2023\/12\/help-1-1024x538.png\" \/>\n<meta name=\"twitter:card\" content=\"summary_large_image\" \/>\n<meta name=\"twitter:label1\" content=\"Gesch\u00e4tzte Lesezeit\" \/>\n\t<meta name=\"twitter:data1\" content=\"1 Minute\" \/>\n<script type=\"application\/ld+json\" class=\"yoast-schema-graph\">{\"@context\":\"https:\/\/schema.org\",\"@graph\":[{\"@type\":\"WebPage\",\"@id\":\"https:\/\/onmagad-melyen.eu\/oket-tamogatjuk\/\",\"url\":\"https:\/\/onmagad-melyen.eu\/oket-tamogatjuk\/\",\"name\":\"\u0150ket t\u00e1mogatjuk - \u00d6nmagunk m\u00e9ly\u00e9n\",\"isPartOf\":{\"@id\":\"https:\/\/onmagad-melyen.eu\/#website\"},\"primaryImageOfPage\":{\"@id\":\"https:\/\/onmagad-melyen.eu\/oket-tamogatjuk\/#primaryimage\"},\"image\":{\"@id\":\"https:\/\/onmagad-melyen.eu\/oket-tamogatjuk\/#primaryimage\"},\"thumbnailUrl\":\"http:\/\/onmagad-melyen.eu\/wp-content\/uploads\/2023\/12\/help-1-1024x538.png\",\"datePublished\":\"2023-12-16T20:37:50+00:00\",\"dateModified\":\"2024-10-02T22:21:06+00:00\",\"breadcrumb\":{\"@id\":\"https:\/\/onmagad-melyen.eu\/oket-tamogatjuk\/#breadcrumb\"},\"inLanguage\":\"de-AT\",\"potentialAction\":[{\"@type\":\"ReadAction\",\"target\":[\"https:\/\/onmagad-melyen.eu\/oket-tamogatjuk\/\"]}]},{\"@type\":\"ImageObject\",\"inLanguage\":\"de-AT\",\"@id\":\"https:\/\/onmagad-melyen.eu\/oket-tamogatjuk\/#primaryimage\",\"url\":\"http:\/\/onmagad-melyen.eu\/wp-content\/uploads\/2023\/12\/help-1-1024x538.png\",\"contentUrl\":\"http:\/\/onmagad-melyen.eu\/wp-content\/uploads\/2023\/12\/help-1-1024x538.png\"},{\"@type\":\"BreadcrumbList\",\"@id\":\"https:\/\/onmagad-melyen.eu\/oket-tamogatjuk\/#breadcrumb\",\"itemListElement\":[{\"@type\":\"ListItem\",\"position\":1,\"name\":\"Kezd\u0151lap\",\"item\":\"https:\/\/onmagad-melyen.eu\/\"},{\"@type\":\"ListItem\",\"position\":2,\"name\":\"\u0150ket t\u00e1mogatjuk\"}]},{\"@type\":\"WebSite\",\"@id\":\"https:\/\/onmagad-melyen.eu\/#website\",\"url\":\"https:\/\/onmagad-melyen.eu\/\",\"name\":\"\u00d6nmagunk m\u00e9ly\u00e9n\",\"description\":\"V\u00e1ltozzunk \u00e9s v\u00e1ltoztassunk egy\u00fctt...\",\"publisher\":{\"@id\":\"https:\/\/onmagad-melyen.eu\/#organization\"},\"potentialAction\":[{\"@type\":\"SearchAction\",\"target\":{\"@type\":\"EntryPoint\",\"urlTemplate\":\"https:\/\/onmagad-melyen.eu\/?s={search_term_string}\"},\"query-input\":{\"@type\":\"PropertyValueSpecification\",\"valueRequired\":true,\"valueName\":\"search_term_string\"}}],\"inLanguage\":\"de-AT\"},{\"@type\":\"Organization\",\"@id\":\"https:\/\/onmagad-melyen.eu\/#organization\",\"name\":\"\u00d6nmagunk m\u00e9ly\u00e9n\",\"url\":\"https:\/\/onmagad-melyen.eu\/\",\"logo\":{\"@type\":\"ImageObject\",\"inLanguage\":\"de-AT\",\"@id\":\"https:\/\/onmagad-melyen.eu\/#\/schema\/logo\/image\/\",\"url\":\"https:\/\/onmagad-melyen.eu\/wp-content\/uploads\/2026\/01\/logo.jpg\",\"contentUrl\":\"https:\/\/onmagad-melyen.eu\/wp-content\/uploads\/2026\/01\/logo.jpg\",\"width\":200,\"height\":200,\"caption\":\"\u00d6nmagunk m\u00e9ly\u00e9n\"},\"image\":{\"@id\":\"https:\/\/onmagad-melyen.eu\/#\/schema\/logo\/image\/\"},\"sameAs\":[\"https:\/\/www.facebook.com\/profile.php?id=100075969904587\",\"https:\/\/www.instagram.com\/onmagad_melyen\/\",\"https:\/\/www.youtube.com\/channel\/UC34bvHwPDOMMgVM8R3VuyeA\"]}]}<\/script>\n<!-- \/ Yoast SEO plugin. -->","yoast_head_json":{"title":"\u0150ket t\u00e1mogatjuk - \u00d6nmagunk m\u00e9ly\u00e9n","robots":{"index":"index","follow":"follow","max-snippet":"max-snippet:-1","max-image-preview":"max-image-preview:large","max-video-preview":"max-video-preview:-1"},"canonical":"https:\/\/onmagad-melyen.eu\/de\/oket-tamogatjuk\/","og_locale":"de_DE","og_type":"article","og_title":"\u0150ket t\u00e1mogatjuk - \u00d6nmagunk m\u00e9ly\u00e9n","og_description":"Ezen az oldalon azokat az embereket \u00e9s el\u00e9rhet\u0151s\u00e9geiket l\u00e1thatj\u00e1tok, akiket bev\u00e9tel\u00fcnkb\u0151l t\u00e1mogatunk. Hisz\u00fcnk benne, hogy a nagy v\u00e1ltoz\u00e1sok is kis l\u00e9p\u00e9sekkel indulnak \u00e9s tudjuk, hogy a szeretet \u00e9s az odafigyel\u00e9s a m\u00e1sikra \u00e9let\u00fcnk r\u00e9sze kell hogy legyen. K\u00e9r\u00fcnk Titeket, hogy ha m\u00f3dotokban \u00e1ll, akkor seg\u00edtsetek nekik valamilyen m\u00f3don! N\u00e9ha egy kedves sz\u00f3 vagy egy megoszt\u00e1s is el\u00e9g!! Tomik\u00e1nak m\u00e1r siker\u00fclt! Term\u00e9szetesen tov\u00e1bbra is t\u00e1mogathatod! Ments\u00fck meg Benit! Megmutatjuk, hogy neki is siker\u00fclhet!","og_url":"https:\/\/onmagad-melyen.eu\/de\/oket-tamogatjuk\/","og_site_name":"\u00d6nmagunk m\u00e9ly\u00e9n","article_publisher":"https:\/\/www.facebook.com\/profile.php?id=100075969904587","article_modified_time":"2024-10-02T22:21:06+00:00","og_image":[{"url":"http:\/\/onmagad-melyen.eu\/wp-content\/uploads\/2023\/12\/help-1-1024x538.png","type":"","width":"","height":""}],"twitter_card":"summary_large_image","twitter_misc":{"Gesch\u00e4tzte Lesezeit":"1 Minute"},"schema":{"@context":"https:\/\/schema.org","@graph":[{"@type":"WebPage","@id":"https:\/\/onmagad-melyen.eu\/oket-tamogatjuk\/","url":"https:\/\/onmagad-melyen.eu\/oket-tamogatjuk\/","name":"\u0150ket t\u00e1mogatjuk - \u00d6nmagunk m\u00e9ly\u00e9n","isPartOf":{"@id":"https:\/\/onmagad-melyen.eu\/#website"},"primaryImageOfPage":{"@id":"https:\/\/onmagad-melyen.eu\/oket-tamogatjuk\/#primaryimage"},"image":{"@id":"https:\/\/onmagad-melyen.eu\/oket-tamogatjuk\/#primaryimage"},"thumbnailUrl":"http:\/\/onmagad-melyen.eu\/wp-content\/uploads\/2023\/12\/help-1-1024x538.png","datePublished":"2023-12-16T20:37:50+00:00","dateModified":"2024-10-02T22:21:06+00:00","breadcrumb":{"@id":"https:\/\/onmagad-melyen.eu\/oket-tamogatjuk\/#breadcrumb"},"inLanguage":"de-AT","potentialAction":[{"@type":"ReadAction","target":["https:\/\/onmagad-melyen.eu\/oket-tamogatjuk\/"]}]},{"@type":"ImageObject","inLanguage":"de-AT","@id":"https:\/\/onmagad-melyen.eu\/oket-tamogatjuk\/#primaryimage","url":"http:\/\/onmagad-melyen.eu\/wp-content\/uploads\/2023\/12\/help-1-1024x538.png","contentUrl":"http:\/\/onmagad-melyen.eu\/wp-content\/uploads\/2023\/12\/help-1-1024x538.png"},{"@type":"BreadcrumbList","@id":"https:\/\/onmagad-melyen.eu\/oket-tamogatjuk\/#breadcrumb","itemListElement":[{"@type":"ListItem","position":1,"name":"Kezd\u0151lap","item":"https:\/\/onmagad-melyen.eu\/"},{"@type":"ListItem","position":2,"name":"\u0150ket t\u00e1mogatjuk"}]},{"@type":"WebSite","@id":"https:\/\/onmagad-melyen.eu\/#website","url":"https:\/\/onmagad-melyen.eu\/","name":"Deep in my mind","description":"V\u00e1ltozzunk \u00e9s v\u00e1ltoztassunk egy\u00fctt...","publisher":{"@id":"https:\/\/onmagad-melyen.eu\/#organization"},"potentialAction":[{"@type":"SearchAction","target":{"@type":"EntryPoint","urlTemplate":"https:\/\/onmagad-melyen.eu\/?s={search_term_string}"},"query-input":{"@type":"PropertyValueSpecification","valueRequired":true,"valueName":"search_term_string"}}],"inLanguage":"de-AT"},{"@type":"Organization","@id":"https:\/\/onmagad-melyen.eu\/#organization","name":"Deep in my mind","url":"https:\/\/onmagad-melyen.eu\/","logo":{"@type":"ImageObject","inLanguage":"de-AT","@id":"https:\/\/onmagad-melyen.eu\/#\/schema\/logo\/image\/","url":"https:\/\/onmagad-melyen.eu\/wp-content\/uploads\/2026\/01\/logo.jpg","contentUrl":"https:\/\/onmagad-melyen.eu\/wp-content\/uploads\/2026\/01\/logo.jpg","width":200,"height":200,"caption":"\u00d6nmagunk m\u00e9ly\u00e9n"},"image":{"@id":"https:\/\/onmagad-melyen.eu\/#\/schema\/logo\/image\/"},"sameAs":["https:\/\/www.facebook.com\/profile.php?id=100075969904587","https:\/\/www.instagram.com\/onmagad_melyen\/","https:\/\/www.youtube.com\/channel\/UC34bvHwPDOMMgVM8R3VuyeA"]}]}},"_links":{"self":[{"href":"https:\/\/onmagad-melyen.eu\/de\/wp-json\/wp\/v2\/pages\/403","targetHints":{"allow":["GET"]}}],"collection":[{"href":"https:\/\/onmagad-melyen.eu\/de\/wp-json\/wp\/v2\/pages"}],"about":[{"href":"https:\/\/onmagad-melyen.eu\/de\/wp-json\/wp\/v2\/types\/page"}],"author":[{"embeddable":true,"href":"https:\/\/onmagad-melyen.eu\/de\/wp-json\/wp\/v2\/users\/1"}],"replies":[{"embeddable":true,"href":"https:\/\/onmagad-melyen.eu\/de\/wp-json\/wp\/v2\/comments?post=403"}],"version-history":[{"count":8,"href":"https:\/\/onmagad-melyen.eu\/de\/wp-json\/wp\/v2\/pages\/403\/revisions"}],"predecessor-version":[{"id":538,"href":"https:\/\/onmagad-melyen.eu\/de\/wp-json\/wp\/v2\/pages\/403\/revisions\/538"}],"wp:attachment":[{"href":"https:\/\/onmagad-melyen.eu\/de\/wp-json\/wp\/v2\/media?parent=403"}],"curies":[{"name":"wp","href":"https:\/\/api.w.org\/{rel}","templated":true}]}}